{"id":24769,"date":"2020-12-01T18:11:33","date_gmt":"2020-12-01T18:11:33","guid":{"rendered":"https:\/\/sbeltahermosillo.com\/?page_id=24769"},"modified":"2020-12-12T02:21:56","modified_gmt":"2020-12-12T02:21:56","slug":"spa","status":"publish","type":"page","link":"https:\/\/sbeltahermosillo.com\/index.php\/spa\/","title":{"rendered":"Spa"},"content":{"rendered":"\t\t<div data-elementor-type=\"wp-page\" data-elementor-id=\"24769\" class=\"elementor elementor-24769\" data-elementor-settings=\"[]\">\n\t\t\t\t\t\t<div class=\"elementor-inner\">\n\t\t\t\t\t\t\t<div class=\"elementor-section-wrap\">\n\t\t\t\t\t\t\t<section class=\"elementor-section elementor-top-section elementor-element elementor-element-d29294e elementor-section-boxed elementor-section-height-default elementor-section-height-default\" data-id=\"d29294e\" data-element_type=\"section\" data-settings=\"{&quot;background_background&quot;:&quot;video&quot;,&quot;background_video_link&quot;:&quot;https:\\\/\\\/www.youtube.com\\\/watch?v=Bgrs8RZ9QVk&quot;}\">\n\t\t\t\t\t\t\t\t<div class=\"elementor-background-video-container elementor-hidden-phone\">\n\t\t\t\t\t\t\t\t\t\t\t\t\t<div class=\"elementor-background-video-embed\"><\/div>\n\t\t\t\t\t\t\t\t\t\t\t\t<\/div>\n\t\t\t\t\t\t\t\t\t<div class=\"elementor-background-overlay\"><\/div>\n\t\t\t\t\t\t\t<div class=\"elementor-container elementor-column-gap-default\">\n\t\t\t\t\t\t\t<div class=\"elementor-row\">\n\t\t\t\t\t<div class=\"elementor-column elementor-col-50 elementor-top-column elementor-element elementor-element-2311622\" data-id=\"2311622\" data-element_type=\"column\">\n\t\t\t<div class=\"elementor-column-wrap elementor-element-populated\">\n\t\t\t\t\t\t\t<div class=\"elementor-widget-wrap\">\n\t\t\t\t\t\t<div class=\"elementor-element elementor-element-ea70be3 elementor-widget elementor-widget-heading\" data-id=\"ea70be3\" data-element_type=\"widget\" data-widget_type=\"heading.default\">\n\t\t\t\t<div class=\"elementor-widget-container\">\n\t\t\t<h2 class=\"elementor-heading-title elementor-size-default\">Conoce nuestro Spa<\/h2>\t\t<\/div>\n\t\t\t\t<\/div>\n\t\t\t\t\t\t<\/div>\n\t\t\t\t\t<\/div>\n\t\t<\/div>\n\t\t\t\t<div class=\"elementor-column elementor-col-50 elementor-top-column elementor-element elementor-element-76f6a54\" data-id=\"76f6a54\" data-element_type=\"column\">\n\t\t\t<div class=\"elementor-column-wrap elementor-element-populated\">\n\t\t\t\t\t\t\t<div class=\"elementor-widget-wrap\">\n\t\t\t\t\t\t<div class=\"elementor-element elementor-element-1fb8ac6 elementor-aspect-ratio-169 elementor-widget elementor-widget-video\" data-id=\"1fb8ac6\" data-element_type=\"widget\" data-settings=\"{&quot;video_type&quot;:&quot;hosted&quot;,&quot;controls&quot;:&quot;yes&quot;,&quot;aspect_ratio&quot;:&quot;169&quot;}\" data-widget_type=\"video.default\">\n\t\t\t\t<div class=\"elementor-widget-container\">\n\t\t\t\t\t<div class=\"e-hosted-video elementor-wrapper elementor-fit-aspect-ratio elementor-open-inline\">\n\t\t\t\t\t<video class=\"elementor-video\" src=\"http:\/\/sbeltahermosillo.com\/wp-content\/uploads\/2020\/12\/SPA.mp4\" controls=\"\" controlsList=\"nodownload\"><\/video>\n\t\t\t\t<\/div>\n\t\t\t\t<\/div>\n\t\t\t\t<\/div>\n\t\t\t\t\t\t<\/div>\n\t\t\t\t\t<\/div>\n\t\t<\/div>\n\t\t\t\t\t\t\t\t<\/div>\n\t\t\t\t\t<\/div>\n\t\t<\/section>\n\t\t\t\t\t\t<\/div>\n\t\t\t\t\t\t<\/div>\n\t\t\t\t\t<\/div>\n\t\t","protected":false},"excerpt":{"rendered":"<p>Conoce nuestro Spa http:\/\/sbeltahermosillo.com\/wp-content\/uploads\/2020\/12\/SPA.mp4<\/p>\n","protected":false},"author":1,"featured_media":0,"parent":0,"menu_order":0,"comment_status":"closed","ping_status":"closed","template":"","meta":{"_monsterinsights_skip_tracking":false,"_monsterinsights_sitenote_active":false,"_monsterinsights_sitenote_note":"","_monsterinsights_sitenote_category":0},"yoast_head":"<!-- This site is optimized with the Yoast SEO plugin v17.8 - https:\/\/yoast.com\/wordpress\/plugins\/seo\/ -->\n<title>Spa - Sbelta Hermosillo<\/title>\n<meta name=\"robots\" content=\"index, follow, max-snippet:-1, max-image-preview:large, max-video-preview:-1\" \/>\n<link rel=\"canonical\" href=\"https:\/\/sbeltahermosillo.com\/index.php\/spa\/\" \/>\n<meta property=\"og:locale\" content=\"es_ES\" \/>\n<meta property=\"og:type\" content=\"article\" \/>\n<meta property=\"og:title\" content=\"Spa - Sbelta Hermosillo\" \/>\n<meta property=\"og:description\" content=\"Conoce nuestro Spa http:\/\/sbeltahermosillo.com\/wp-content\/uploads\/2020\/12\/SPA.mp4\" \/>\n<meta property=\"og:url\" content=\"https:\/\/sbeltahermosillo.com\/index.php\/spa\/\" \/>\n<meta property=\"og:site_name\" content=\"Sbelta Hermosillo\" \/>\n<meta property=\"article:modified_time\" content=\"2020-12-12T02:21:56+00:00\" \/>\n<meta name=\"twitter:card\" content=\"summary_large_image\" \/>\n<script type=\"application\/ld+json\" class=\"yoast-schema-graph\">{\"@context\":\"https:\/\/schema.org\",\"@graph\":[{\"@type\":\"WebSite\",\"@id\":\"https:\/\/sbeltahermosillo.com\/#website\",\"url\":\"https:\/\/sbeltahermosillo.com\/\",\"name\":\"Sbelta Hermosillo\",\"description\":\"Especialistas en cirug\\u00eda pl\\u00e1stica y procedimientos est\\u00e9ticos. Somos profesionales encargados de brindarte la informaci\\u00f3n y el tratamiento adecuado respecto a tu armon\\u00eda corporal y facial. Es por ello que usted no tendr\\u00e1 dudas en recibir el mejor procedimiento que m\\u00e1s se adapte a sus necesidades.\",\"potentialAction\":[{\"@type\":\"SearchAction\",\"target\":{\"@type\":\"EntryPoint\",\"urlTemplate\":\"https:\/\/sbeltahermosillo.com\/?s={search_term_string}\"},\"query-input\":\"required name=search_term_string\"}],\"inLanguage\":\"es\"},{\"@type\":\"WebPage\",\"@id\":\"https:\/\/sbeltahermosillo.com\/index.php\/spa\/#webpage\",\"url\":\"https:\/\/sbeltahermosillo.com\/index.php\/spa\/\",\"name\":\"Spa - Sbelta Hermosillo\",\"isPartOf\":{\"@id\":\"https:\/\/sbeltahermosillo.com\/#website\"},\"datePublished\":\"2020-12-01T18:11:33+00:00\",\"dateModified\":\"2020-12-12T02:21:56+00:00\",\"breadcrumb\":{\"@id\":\"https:\/\/sbeltahermosillo.com\/index.php\/spa\/#breadcrumb\"},\"inLanguage\":\"es\",\"potentialAction\":[{\"@type\":\"ReadAction\",\"target\":[\"https:\/\/sbeltahermosillo.com\/index.php\/spa\/\"]}]},{\"@type\":\"BreadcrumbList\",\"@id\":\"https:\/\/sbeltahermosillo.com\/index.php\/spa\/#breadcrumb\",\"itemListElement\":[{\"@type\":\"ListItem\",\"position\":1,\"name\":\"Portada\",\"item\":\"https:\/\/sbeltahermosillo.com\/\"},{\"@type\":\"ListItem\",\"position\":2,\"name\":\"Spa\"}]}]}<\/script>\n<!-- \/ Yoast SEO plugin. -->","yoast_head_json":{"title":"Spa - Sbelta Hermosillo","robots":{"index":"index","follow":"follow","max-snippet":"max-snippet:-1","max-image-preview":"max-image-preview:large","max-video-preview":"max-video-preview:-1"},"canonical":"https:\/\/sbeltahermosillo.com\/index.php\/spa\/","og_locale":"es_ES","og_type":"article","og_title":"Spa - Sbelta Hermosillo","og_description":"Conoce nuestro Spa http:\/\/sbeltahermosillo.com\/wp-content\/uploads\/2020\/12\/SPA.mp4","og_url":"https:\/\/sbeltahermosillo.com\/index.php\/spa\/","og_site_name":"Sbelta Hermosillo","article_modified_time":"2020-12-12T02:21:56+00:00","twitter_card":"summary_large_image","schema":{"@context":"https:\/\/schema.org","@graph":[{"@type":"WebSite","@id":"https:\/\/sbeltahermosillo.com\/#website","url":"https:\/\/sbeltahermosillo.com\/","name":"Sbelta Hermosillo","description":"Especialistas en cirug\u00eda pl\u00e1stica y procedimientos est\u00e9ticos. Somos profesionales encargados de brindarte la informaci\u00f3n y el tratamiento adecuado respecto a tu armon\u00eda corporal y facial. Es por ello que usted no tendr\u00e1 dudas en recibir el mejor procedimiento que m\u00e1s se adapte a sus necesidades.","potentialAction":[{"@type":"SearchAction","target":{"@type":"EntryPoint","urlTemplate":"https:\/\/sbeltahermosillo.com\/?s={search_term_string}"},"query-input":"required name=search_term_string"}],"inLanguage":"es"},{"@type":"WebPage","@id":"https:\/\/sbeltahermosillo.com\/index.php\/spa\/#webpage","url":"https:\/\/sbeltahermosillo.com\/index.php\/spa\/","name":"Spa - Sbelta Hermosillo","isPartOf":{"@id":"https:\/\/sbeltahermosillo.com\/#website"},"datePublished":"2020-12-01T18:11:33+00:00","dateModified":"2020-12-12T02:21:56+00:00","breadcrumb":{"@id":"https:\/\/sbeltahermosillo.com\/index.php\/spa\/#breadcrumb"},"inLanguage":"es","potentialAction":[{"@type":"ReadAction","target":["https:\/\/sbeltahermosillo.com\/index.php\/spa\/"]}]},{"@type":"BreadcrumbList","@id":"https:\/\/sbeltahermosillo.com\/index.php\/spa\/#breadcrumb","itemListElement":[{"@type":"ListItem","position":1,"name":"Portada","item":"https:\/\/sbeltahermosillo.com\/"},{"@type":"ListItem","position":2,"name":"Spa"}]}]}},"_links":{"self":[{"href":"https:\/\/sbeltahermosillo.com\/index.php\/wp-json\/wp\/v2\/pages\/24769"}],"collection":[{"href":"https:\/\/sbeltahermosillo.com\/index.php\/wp-json\/wp\/v2\/pages"}],"about":[{"href":"https:\/\/sbeltahermosillo.com\/index.php\/wp-json\/wp\/v2\/types\/page"}],"author":[{"embeddable":true,"href":"https:\/\/sbeltahermosillo.com\/index.php\/wp-json\/wp\/v2\/users\/1"}],"replies":[{"embeddable":true,"href":"https:\/\/sbeltahermosillo.com\/index.php\/wp-json\/wp\/v2\/comments?post=24769"}],"version-history":[{"count":27,"href":"https:\/\/sbeltahermosillo.com\/index.php\/wp-json\/wp\/v2\/pages\/24769\/revisions"}],"predecessor-version":[{"id":25116,"href":"https:\/\/sbeltahermosillo.com\/index.php\/wp-json\/wp\/v2\/pages\/24769\/revisions\/25116"}],"wp:attachment":[{"href":"https:\/\/sbeltahermosillo.com\/index.php\/wp-json\/wp\/v2\/media?parent=24769"}],"curies":[{"name":"wp","href":"https:\/\/api.w.org\/{rel}","templated":true}]}}