{"id":24731,"date":"2020-12-01T16:50:12","date_gmt":"2020-12-01T16:50:12","guid":{"rendered":"https:\/\/sbeltahermosillo.com\/?page_id=24731"},"modified":"2020-12-14T20:50:29","modified_gmt":"2020-12-14T20:50:29","slug":"contorno-corporal","status":"publish","type":"page","link":"https:\/\/sbeltahermosillo.com\/index.php\/contorno-corporal\/","title":{"rendered":"Cirug\u00eda de Contorno Corporal"},"content":{"rendered":"\t\t<div data-elementor-type=\"wp-page\" data-elementor-id=\"24731\" class=\"elementor elementor-24731\" data-elementor-settings=\"[]\">\n\t\t\t\t\t\t<div class=\"elementor-inner\">\n\t\t\t\t\t\t\t<div class=\"elementor-section-wrap\">\n\t\t\t\t\t\t\t<section class=\"elementor-section elementor-top-section elementor-element elementor-element-d29294e elementor-section-boxed elementor-section-height-default elementor-section-height-default\" data-id=\"d29294e\" data-element_type=\"section\" data-settings=\"{&quot;background_background&quot;:&quot;video&quot;,&quot;background_video_link&quot;:&quot;https:\\\/\\\/youtu.be\\\/myRGoW8FhW8&quot;}\">\n\t\t\t\t\t\t\t\t<div class=\"elementor-background-video-container elementor-hidden-phone\">\n\t\t\t\t\t\t\t\t\t\t\t\t\t<div class=\"elementor-background-video-embed\"><\/div>\n\t\t\t\t\t\t\t\t\t\t\t\t<\/div>\n\t\t\t\t\t\t\t\t\t<div class=\"elementor-background-overlay\"><\/div>\n\t\t\t\t\t\t\t<div class=\"elementor-container elementor-column-gap-default\">\n\t\t\t\t\t\t\t<div class=\"elementor-row\">\n\t\t\t\t\t<div class=\"elementor-column elementor-col-50 elementor-top-column elementor-element elementor-element-2311622\" data-id=\"2311622\" data-element_type=\"column\">\n\t\t\t<div class=\"elementor-column-wrap elementor-element-populated\">\n\t\t\t\t\t\t\t<div class=\"elementor-widget-wrap\">\n\t\t\t\t\t\t<div class=\"elementor-element elementor-element-ea70be3 elementor-widget elementor-widget-heading\" data-id=\"ea70be3\" data-element_type=\"widget\" data-widget_type=\"heading.default\">\n\t\t\t\t<div class=\"elementor-widget-container\">\n\t\t\t<h2 class=\"elementor-heading-title elementor-size-default\">Cirug\u00eda de Contorno Corporal<\/h2>\t\t<\/div>\n\t\t\t\t<\/div>\n\t\t\t\t\t\t<\/div>\n\t\t\t\t\t<\/div>\n\t\t<\/div>\n\t\t\t\t<div class=\"elementor-column elementor-col-50 elementor-top-column elementor-element elementor-element-3090f53\" data-id=\"3090f53\" data-element_type=\"column\">\n\t\t\t<div class=\"elementor-column-wrap elementor-element-populated\">\n\t\t\t\t\t\t\t<div class=\"elementor-widget-wrap\">\n\t\t\t\t\t\t<div class=\"elementor-element elementor-element-b9e61bd elementor-aspect-ratio-169 elementor-widget elementor-widget-video\" data-id=\"b9e61bd\" data-element_type=\"widget\" data-settings=\"{&quot;video_type&quot;:&quot;hosted&quot;,&quot;controls&quot;:&quot;yes&quot;,&quot;aspect_ratio&quot;:&quot;169&quot;}\" data-widget_type=\"video.default\">\n\t\t\t\t<div class=\"elementor-widget-container\">\n\t\t\t\t\t<div class=\"e-hosted-video elementor-wrapper elementor-fit-aspect-ratio elementor-open-inline\">\n\t\t\t\t\t<video class=\"elementor-video\" src=\"http:\/\/sbeltahermosillo.com\/wp-content\/uploads\/2020\/12\/CIRUGIA-DE-CONTORNO-CORPORAL.mp4\" controls=\"\" controlsList=\"nodownload\"><\/video>\n\t\t\t\t<\/div>\n\t\t\t\t<\/div>\n\t\t\t\t<\/div>\n\t\t\t\t\t\t<\/div>\n\t\t\t\t\t<\/div>\n\t\t<\/div>\n\t\t\t\t\t\t\t\t<\/div>\n\t\t\t\t\t<\/div>\n\t\t<\/section>\n\t\t\t\t<section class=\"elementor-section elementor-top-section elementor-element elementor-element-52f4987 elementor-section-boxed elementor-section-height-default elementor-section-height-default\" data-id=\"52f4987\" data-element_type=\"section\" id=\"abdominosplatia\">\n\t\t\t\t\t\t<div class=\"elementor-container elementor-column-gap-default\">\n\t\t\t\t\t\t\t<div class=\"elementor-row\">\n\t\t\t\t\t<div class=\"elementor-column elementor-col-50 elementor-top-column elementor-element elementor-element-a831281\" data-id=\"a831281\" data-element_type=\"column\" id=\"lipoescultura\">\n\t\t\t<div class=\"elementor-column-wrap elementor-element-populated\">\n\t\t\t\t\t\t\t<div class=\"elementor-widget-wrap\">\n\t\t\t\t\t\t<div class=\"elementor-element elementor-element-90f480e elementor-widget elementor-widget-heading\" data-id=\"90f480e\" data-element_type=\"widget\" data-widget_type=\"heading.default\">\n\t\t\t\t<div class=\"elementor-widget-container\">\n\t\t\t<h1 class=\"elementor-heading-title elementor-size-default\">Lipoescultura<\/h1>\t\t<\/div>\n\t\t\t\t<\/div>\n\t\t\t\t<div class=\"elementor-element elementor-element-9bdb9f4 elementor-widget elementor-widget-text-editor\" data-id=\"9bdb9f4\" data-element_type=\"widget\" data-widget_type=\"text-editor.default\">\n\t\t\t\t<div class=\"elementor-widget-container\">\n\t\t\t\t\t\t\t\t<div class=\"elementor-text-editor elementor-clearfix\">\n\t\t\t\t<p>La lipoescultura, lipomodelaje o liposucci\u00f3n es un procedimiento para moldear la figura, no para bajar de peso, por lo que se recomienda estar en un peso m\u00e1s cercano al ideal. Se lipoaspira la grasa en los sitios no deseados (brazos, espalda, abdomen, cintura y muslos) y se transfiere a gl\u00fateos y cadera mejorando as\u00ed el contorno. La anestesia es regional (llamada raquia), tiempo de reposo 10 a 15 d\u00edas, dren por 6 d\u00edas, uso de faja y masajes por un mes, estancia en la ciudad de 8 a 10 d\u00edas.<\/p>\t\t\t\t\t<\/div>\n\t\t\t\t\t\t<\/div>\n\t\t\t\t<\/div>\n\t\t\t\t\t\t<\/div>\n\t\t\t\t\t<\/div>\n\t\t<\/div>\n\t\t\t\t<div class=\"elementor-column elementor-col-50 elementor-top-column elementor-element elementor-element-961f92a\" data-id=\"961f92a\" data-element_type=\"column\">\n\t\t\t<div class=\"elementor-column-wrap elementor-element-populated\">\n\t\t\t\t\t\t\t<div class=\"elementor-widget-wrap\">\n\t\t\t\t\t\t<div class=\"elementor-element elementor-element-1943bbc elementor-widget elementor-widget-heading\" data-id=\"1943bbc\" data-element_type=\"widget\" data-widget_type=\"heading.default\">\n\t\t\t\t<div class=\"elementor-widget-container\">\n\t\t\t<h1 class=\"elementor-heading-title elementor-size-default\">Abdominoplast\u00eda<\/h1>\t\t<\/div>\n\t\t\t\t<\/div>\n\t\t\t\t<div class=\"elementor-element elementor-element-f26079c elementor-widget elementor-widget-text-editor\" data-id=\"f26079c\" data-element_type=\"widget\" data-widget_type=\"text-editor.default\">\n\t\t\t\t<div class=\"elementor-widget-container\">\n\t\t\t\t\t\t\t\t<div class=\"elementor-text-editor elementor-clearfix\">\n\t\t\t\t<p>Es un procedimiento indicado a mujeres que ya no desean m\u00e1s hijos o en aquellas personas con p\u00e9rdida masiva de peso. Consiste en retirar la piel excedente del abdomen y reforzar los m\u00fasculos abdominales para lograr un abdomen plano. La cirug\u00eda se realiza con anestesia regional (llamada raquia) y es un procedimiento ambulatorio, el tiempo de reposo sugerido es de 2 semanas y lo acompa\u00f1amos de masajes y ultrasonido para lograr un mejor resultado. Habitualmente dejamos dren por 6 d\u00edas<\/p>\t\t\t\t\t<\/div>\n\t\t\t\t\t\t<\/div>\n\t\t\t\t<\/div>\n\t\t\t\t\t\t<\/div>\n\t\t\t\t\t<\/div>\n\t\t<\/div>\n\t\t\t\t\t\t\t\t<\/div>\n\t\t\t\t\t<\/div>\n\t\t<\/section>\n\t\t\t\t<section class=\"elementor-section elementor-top-section elementor-element elementor-element-62f101c elementor-section-boxed elementor-section-height-default elementor-section-height-default\" data-id=\"62f101c\" data-element_type=\"section\">\n\t\t\t\t\t\t<div class=\"elementor-container elementor-column-gap-default\">\n\t\t\t\t\t\t\t<div class=\"elementor-row\">\n\t\t\t\t\t<div class=\"elementor-column elementor-col-50 elementor-top-column elementor-element elementor-element-29ca793\" data-id=\"29ca793\" data-element_type=\"column\" id=\"rejuvenecimiento\">\n\t\t\t<div class=\"elementor-column-wrap elementor-element-populated\">\n\t\t\t\t\t\t\t<div class=\"elementor-widget-wrap\">\n\t\t\t\t\t\t<div class=\"elementor-element elementor-element-5f314ee elementor-widget elementor-widget-heading\" data-id=\"5f314ee\" data-element_type=\"widget\" data-widget_type=\"heading.default\">\n\t\t\t\t<div class=\"elementor-widget-container\">\n\t\t\t<h1 class=\"elementor-heading-title elementor-size-default\">Rejuvenecimiento genital femenino<\/h1>\t\t<\/div>\n\t\t\t\t<\/div>\n\t\t\t\t<div class=\"elementor-element elementor-element-0deca4f elementor-widget elementor-widget-text-editor\" data-id=\"0deca4f\" data-element_type=\"widget\" data-widget_type=\"text-editor.default\">\n\t\t\t\t<div class=\"elementor-widget-container\">\n\t\t\t\t\t\t\t\t<div class=\"elementor-text-editor elementor-clearfix\">\n\t\t\t\t<p>Realizamos este procedimiento en mujeres que han tenido varios partos vaginales y que sienten que su conducto vaginal est\u00e1 de mayor di\u00e1metro, bajo anestesia regional (solo dormimos la pelvis) con el apoyo de un espejo vaginal realizamos cortes a trav\u00e9s del conducto vaginal para reducir su di\u00e1metro, no requiere retiro de puntos y se sugiere un reposo de 2 a 4 semanas. Otra opci\u00f3n es la que se realiza con l\u00e1ser CO2 fraccionado, es ambulatorio se realiza con sedaci\u00f3n y es menos invasivo.<\/p>\t\t\t\t\t<\/div>\n\t\t\t\t\t\t<\/div>\n\t\t\t\t<\/div>\n\t\t\t\t\t\t<\/div>\n\t\t\t\t\t<\/div>\n\t\t<\/div>\n\t\t\t\t<div class=\"elementor-column elementor-col-50 elementor-top-column elementor-element elementor-element-815edb0\" data-id=\"815edb0\" data-element_type=\"column\" id=\"pantorrilla\">\n\t\t\t<div class=\"elementor-column-wrap elementor-element-populated\">\n\t\t\t\t\t\t\t<div class=\"elementor-widget-wrap\">\n\t\t\t\t\t\t<div class=\"elementor-element elementor-element-1e4e1ff elementor-widget elementor-widget-heading\" data-id=\"1e4e1ff\" data-element_type=\"widget\" data-widget_type=\"heading.default\">\n\t\t\t\t<div class=\"elementor-widget-container\">\n\t\t\t<h1 class=\"elementor-heading-title elementor-size-default\">Aumento de pantorrilla<\/h1>\t\t<\/div>\n\t\t\t\t<\/div>\n\t\t\t\t<div class=\"elementor-element elementor-element-677ab6b elementor-widget elementor-widget-text-editor\" data-id=\"677ab6b\" data-element_type=\"widget\" data-widget_type=\"text-editor.default\">\n\t\t\t\t<div class=\"elementor-widget-container\">\n\t\t\t\t\t\t\t\t<div class=\"elementor-text-editor elementor-clearfix\">\n\t\t\t\t<p>El aumento de pantorrilla lo podemos hacer con transferencia grasa propia o con implantes. Con grasa propia se requiere tener grasa en abdomen suficiente para transferencia, el tiempo de recuperaci\u00f3n es de 2 a 3 semanas, donde utililzamos fajas, almohadas especiales y recomendamos masajes. Con implantes la recuperaci\u00f3n es de dos semanas, igual con faja y el reposo es de 3 a 4 semanas. Ambas son con anestesia regional (la llamada raquia).<\/p>\t\t\t\t\t<\/div>\n\t\t\t\t\t\t<\/div>\n\t\t\t\t<\/div>\n\t\t\t\t\t\t<\/div>\n\t\t\t\t\t<\/div>\n\t\t<\/div>\n\t\t\t\t\t\t\t\t<\/div>\n\t\t\t\t\t<\/div>\n\t\t<\/section>\n\t\t\t\t<section class=\"elementor-section elementor-top-section elementor-element elementor-element-1091043 elementor-section-boxed elementor-section-height-default elementor-section-height-default\" data-id=\"1091043\" data-element_type=\"section\">\n\t\t\t\t\t\t<div class=\"elementor-container elementor-column-gap-default\">\n\t\t\t\t\t\t\t<div class=\"elementor-row\">\n\t\t\t\t\t<div class=\"elementor-column elementor-col-50 elementor-top-column elementor-element elementor-element-d2ae29b\" data-id=\"d2ae29b\" data-element_type=\"column\" id=\"gluteo\">\n\t\t\t<div class=\"elementor-column-wrap elementor-element-populated\">\n\t\t\t\t\t\t\t<div class=\"elementor-widget-wrap\">\n\t\t\t\t\t\t<div class=\"elementor-element elementor-element-f82f4d4 elementor-widget elementor-widget-heading\" data-id=\"f82f4d4\" data-element_type=\"widget\" data-widget_type=\"heading.default\">\n\t\t\t\t<div class=\"elementor-widget-container\">\n\t\t\t<h1 class=\"elementor-heading-title elementor-size-default\">Aumento de gl\u00fateo<\/h1>\t\t<\/div>\n\t\t\t\t<\/div>\n\t\t\t\t<div class=\"elementor-element elementor-element-ea3df18 elementor-widget elementor-widget-text-editor\" data-id=\"ea3df18\" data-element_type=\"widget\" data-widget_type=\"text-editor.default\">\n\t\t\t\t<div class=\"elementor-widget-container\">\n\t\t\t\t\t\t\t\t<div class=\"elementor-text-editor elementor-clearfix\">\n\t\t\t\t<p>El aumento de gl\u00fateo lo podemos hacer con transferencia grasa propia o con implantes. Con grasa propia se requiere tener grasa en abdomen suficiente para transferencia, el tiempo de recuperaci\u00f3n es de 2 a 3 semanas, donde utililzamos fajas, almohadas especiales y recomendamos masajes. Con implantes la recuperaci\u00f3n es de dos semanas, igual con faja y el reposo es de 3 a 4 semanas. Ambas son con anestesia regional (la llamada raquia).<\/p>\t\t\t\t\t<\/div>\n\t\t\t\t\t\t<\/div>\n\t\t\t\t<\/div>\n\t\t\t\t\t\t<\/div>\n\t\t\t\t\t<\/div>\n\t\t<\/div>\n\t\t\t\t<div class=\"elementor-column elementor-col-50 elementor-top-column elementor-element elementor-element-659a52c\" data-id=\"659a52c\" data-element_type=\"column\">\n\t\t\t<div class=\"elementor-column-wrap\">\n\t\t\t\t\t\t\t<div class=\"elementor-widget-wrap\">\n\t\t\t\t\t\t\t\t<\/div>\n\t\t\t\t\t<\/div>\n\t\t<\/div>\n\t\t\t\t\t\t\t\t<\/div>\n\t\t\t\t\t<\/div>\n\t\t<\/section>\n\t\t\t\t\t\t<\/div>\n\t\t\t\t\t\t<\/div>\n\t\t\t\t\t<\/div>\n\t\t","protected":false},"excerpt":{"rendered":"<p>Cirug\u00eda de Contorno Corporal http:\/\/sbeltahermosillo.com\/wp-content\/uploads\/2020\/12\/CIRUGIA-DE-CONTORNO-CORPORAL.mp4 Lipoescultura La lipoescultura, lipomodelaje o liposucci\u00f3n es un procedimiento para moldear la figura, no para bajar de peso, por lo que se recomienda estar en un peso m\u00e1s cercano al ideal. Se lipoaspira la grasa en los sitios no deseados (brazos, espalda, abdomen, cintura y muslos) y se transfiere a &hellip;<\/p>\n<p class=\"read-more\"> <a class=\"\" href=\"https:\/\/sbeltahermosillo.com\/index.php\/contorno-corporal\/\"> <span class=\"screen-reader-text\">Cirug\u00eda de Contorno Corporal<\/span> Leer m\u00e1s &raquo;<\/a><\/p>\n","protected":false},"author":1,"featured_media":0,"parent":0,"menu_order":0,"comment_status":"closed","ping_status":"closed","template":"","meta":{"_monsterinsights_skip_tracking":false,"_monsterinsights_sitenote_active":false,"_monsterinsights_sitenote_note":"","_monsterinsights_sitenote_category":0},"yoast_head":"<!-- This site is optimized with the Yoast SEO plugin v17.8 - https:\/\/yoast.com\/wordpress\/plugins\/seo\/ -->\n<title>Cirug\u00eda de Contorno Corporal - Sbelta Hermosillo<\/title>\n<meta name=\"robots\" content=\"index, follow, max-snippet:-1, max-image-preview:large, max-video-preview:-1\" \/>\n<link rel=\"canonical\" href=\"https:\/\/sbeltahermosillo.com\/index.php\/contorno-corporal\/\" \/>\n<meta property=\"og:locale\" content=\"es_ES\" \/>\n<meta property=\"og:type\" content=\"article\" \/>\n<meta property=\"og:title\" content=\"Cirug\u00eda de Contorno Corporal - Sbelta Hermosillo\" \/>\n<meta property=\"og:description\" content=\"Cirug\u00eda de Contorno Corporal http:\/\/sbeltahermosillo.com\/wp-content\/uploads\/2020\/12\/CIRUGIA-DE-CONTORNO-CORPORAL.mp4 Lipoescultura La lipoescultura, lipomodelaje o liposucci\u00f3n es un procedimiento para moldear la figura, no para bajar de peso, por lo que se recomienda estar en un peso m\u00e1s cercano al ideal. Se lipoaspira la grasa en los sitios no deseados (brazos, espalda, abdomen, cintura y muslos) y se transfiere a &hellip; Cirug\u00eda de Contorno Corporal Leer m\u00e1s &raquo;\" \/>\n<meta property=\"og:url\" content=\"https:\/\/sbeltahermosillo.com\/index.php\/contorno-corporal\/\" \/>\n<meta property=\"og:site_name\" content=\"Sbelta Hermosillo\" \/>\n<meta property=\"article:modified_time\" content=\"2020-12-14T20:50:29+00:00\" \/>\n<meta name=\"twitter:card\" content=\"summary_large_image\" \/>\n<meta name=\"twitter:label1\" content=\"Tiempo de lectura\" \/>\n\t<meta name=\"twitter:data1\" content=\"2 minutos\" \/>\n<script type=\"application\/ld+json\" class=\"yoast-schema-graph\">{\"@context\":\"https:\/\/schema.org\",\"@graph\":[{\"@type\":\"WebSite\",\"@id\":\"https:\/\/sbeltahermosillo.com\/#website\",\"url\":\"https:\/\/sbeltahermosillo.com\/\",\"name\":\"Sbelta Hermosillo\",\"description\":\"Especialistas en cirug\\u00eda pl\\u00e1stica y procedimientos est\\u00e9ticos. Somos profesionales encargados de brindarte la informaci\\u00f3n y el tratamiento adecuado respecto a tu armon\\u00eda corporal y facial. Es por ello que usted no tendr\\u00e1 dudas en recibir el mejor procedimiento que m\\u00e1s se adapte a sus necesidades.\",\"potentialAction\":[{\"@type\":\"SearchAction\",\"target\":{\"@type\":\"EntryPoint\",\"urlTemplate\":\"https:\/\/sbeltahermosillo.com\/?s={search_term_string}\"},\"query-input\":\"required name=search_term_string\"}],\"inLanguage\":\"es\"},{\"@type\":\"WebPage\",\"@id\":\"https:\/\/sbeltahermosillo.com\/index.php\/contorno-corporal\/#webpage\",\"url\":\"https:\/\/sbeltahermosillo.com\/index.php\/contorno-corporal\/\",\"name\":\"Cirug\\u00eda de Contorno Corporal - Sbelta Hermosillo\",\"isPartOf\":{\"@id\":\"https:\/\/sbeltahermosillo.com\/#website\"},\"datePublished\":\"2020-12-01T16:50:12+00:00\",\"dateModified\":\"2020-12-14T20:50:29+00:00\",\"breadcrumb\":{\"@id\":\"https:\/\/sbeltahermosillo.com\/index.php\/contorno-corporal\/#breadcrumb\"},\"inLanguage\":\"es\",\"potentialAction\":[{\"@type\":\"ReadAction\",\"target\":[\"https:\/\/sbeltahermosillo.com\/index.php\/contorno-corporal\/\"]}]},{\"@type\":\"BreadcrumbList\",\"@id\":\"https:\/\/sbeltahermosillo.com\/index.php\/contorno-corporal\/#breadcrumb\",\"itemListElement\":[{\"@type\":\"ListItem\",\"position\":1,\"name\":\"Portada\",\"item\":\"https:\/\/sbeltahermosillo.com\/\"},{\"@type\":\"ListItem\",\"position\":2,\"name\":\"Cirug\\u00eda de Contorno Corporal\"}]}]}<\/script>\n<!-- \/ Yoast SEO plugin. -->","yoast_head_json":{"title":"Cirug\u00eda de Contorno Corporal - Sbelta Hermosillo","robots":{"index":"index","follow":"follow","max-snippet":"max-snippet:-1","max-image-preview":"max-image-preview:large","max-video-preview":"max-video-preview:-1"},"canonical":"https:\/\/sbeltahermosillo.com\/index.php\/contorno-corporal\/","og_locale":"es_ES","og_type":"article","og_title":"Cirug\u00eda de Contorno Corporal - Sbelta Hermosillo","og_description":"Cirug\u00eda de Contorno Corporal http:\/\/sbeltahermosillo.com\/wp-content\/uploads\/2020\/12\/CIRUGIA-DE-CONTORNO-CORPORAL.mp4 Lipoescultura La lipoescultura, lipomodelaje o liposucci\u00f3n es un procedimiento para moldear la figura, no para bajar de peso, por lo que se recomienda estar en un peso m\u00e1s cercano al ideal. Se lipoaspira la grasa en los sitios no deseados (brazos, espalda, abdomen, cintura y muslos) y se transfiere a &hellip; Cirug\u00eda de Contorno Corporal Leer m\u00e1s &raquo;","og_url":"https:\/\/sbeltahermosillo.com\/index.php\/contorno-corporal\/","og_site_name":"Sbelta Hermosillo","article_modified_time":"2020-12-14T20:50:29+00:00","twitter_card":"summary_large_image","twitter_misc":{"Tiempo de lectura":"2 minutos"},"schema":{"@context":"https:\/\/schema.org","@graph":[{"@type":"WebSite","@id":"https:\/\/sbeltahermosillo.com\/#website","url":"https:\/\/sbeltahermosillo.com\/","name":"Sbelta Hermosillo","description":"Especialistas en cirug\u00eda pl\u00e1stica y procedimientos est\u00e9ticos. Somos profesionales encargados de brindarte la informaci\u00f3n y el tratamiento adecuado respecto a tu armon\u00eda corporal y facial. Es por ello que usted no tendr\u00e1 dudas en recibir el mejor procedimiento que m\u00e1s se adapte a sus necesidades.","potentialAction":[{"@type":"SearchAction","target":{"@type":"EntryPoint","urlTemplate":"https:\/\/sbeltahermosillo.com\/?s={search_term_string}"},"query-input":"required name=search_term_string"}],"inLanguage":"es"},{"@type":"WebPage","@id":"https:\/\/sbeltahermosillo.com\/index.php\/contorno-corporal\/#webpage","url":"https:\/\/sbeltahermosillo.com\/index.php\/contorno-corporal\/","name":"Cirug\u00eda de Contorno Corporal - Sbelta Hermosillo","isPartOf":{"@id":"https:\/\/sbeltahermosillo.com\/#website"},"datePublished":"2020-12-01T16:50:12+00:00","dateModified":"2020-12-14T20:50:29+00:00","breadcrumb":{"@id":"https:\/\/sbeltahermosillo.com\/index.php\/contorno-corporal\/#breadcrumb"},"inLanguage":"es","potentialAction":[{"@type":"ReadAction","target":["https:\/\/sbeltahermosillo.com\/index.php\/contorno-corporal\/"]}]},{"@type":"BreadcrumbList","@id":"https:\/\/sbeltahermosillo.com\/index.php\/contorno-corporal\/#breadcrumb","itemListElement":[{"@type":"ListItem","position":1,"name":"Portada","item":"https:\/\/sbeltahermosillo.com\/"},{"@type":"ListItem","position":2,"name":"Cirug\u00eda de Contorno Corporal"}]}]}},"_links":{"self":[{"href":"https:\/\/sbeltahermosillo.com\/index.php\/wp-json\/wp\/v2\/pages\/24731"}],"collection":[{"href":"https:\/\/sbeltahermosillo.com\/index.php\/wp-json\/wp\/v2\/pages"}],"about":[{"href":"https:\/\/sbeltahermosillo.com\/index.php\/wp-json\/wp\/v2\/types\/page"}],"author":[{"embeddable":true,"href":"https:\/\/sbeltahermosillo.com\/index.php\/wp-json\/wp\/v2\/users\/1"}],"replies":[{"embeddable":true,"href":"https:\/\/sbeltahermosillo.com\/index.php\/wp-json\/wp\/v2\/comments?post=24731"}],"version-history":[{"count":30,"href":"https:\/\/sbeltahermosillo.com\/index.php\/wp-json\/wp\/v2\/pages\/24731\/revisions"}],"predecessor-version":[{"id":25171,"href":"https:\/\/sbeltahermosillo.com\/index.php\/wp-json\/wp\/v2\/pages\/24731\/revisions\/25171"}],"wp:attachment":[{"href":"https:\/\/sbeltahermosillo.com\/index.php\/wp-json\/wp\/v2\/media?parent=24731"}],"curies":[{"name":"wp","href":"https:\/\/api.w.org\/{rel}","templated":true}]}}