{"id":24672,"date":"2020-11-29T19:45:06","date_gmt":"2020-11-29T19:45:06","guid":{"rendered":"https:\/\/sbeltahermosillo.com\/?page_id=24672"},"modified":"2020-12-14T20:49:46","modified_gmt":"2020-12-14T20:49:46","slug":"cirugia-de-mamas","status":"publish","type":"page","link":"https:\/\/sbeltahermosillo.com\/index.php\/cirugia-de-mamas\/","title":{"rendered":"Cirug\u00eda de mamas"},"content":{"rendered":"\t\t<div data-elementor-type=\"wp-page\" data-elementor-id=\"24672\" class=\"elementor elementor-24672\" data-elementor-settings=\"[]\">\n\t\t\t\t\t\t<div class=\"elementor-inner\">\n\t\t\t\t\t\t\t<div class=\"elementor-section-wrap\">\n\t\t\t\t\t\t\t<section class=\"elementor-section elementor-top-section elementor-element elementor-element-d29294e elementor-section-boxed elementor-section-height-default elementor-section-height-default\" data-id=\"d29294e\" data-element_type=\"section\" data-settings=\"{&quot;background_background&quot;:&quot;video&quot;,&quot;background_video_link&quot;:&quot;https:\\\/\\\/www.youtube.com\\\/watch?v=1H40a6PkKD8&quot;}\">\n\t\t\t\t\t\t\t\t<div class=\"elementor-background-video-container elementor-hidden-phone\">\n\t\t\t\t\t\t\t\t\t\t\t\t\t<div class=\"elementor-background-video-embed\"><\/div>\n\t\t\t\t\t\t\t\t\t\t\t\t<\/div>\n\t\t\t\t\t\t\t\t\t<div class=\"elementor-background-overlay\"><\/div>\n\t\t\t\t\t\t\t<div class=\"elementor-container elementor-column-gap-default\">\n\t\t\t\t\t\t\t<div class=\"elementor-row\">\n\t\t\t\t\t<div class=\"elementor-column elementor-col-50 elementor-top-column elementor-element elementor-element-2311622\" data-id=\"2311622\" data-element_type=\"column\">\n\t\t\t<div class=\"elementor-column-wrap elementor-element-populated\">\n\t\t\t\t\t\t\t<div class=\"elementor-widget-wrap\">\n\t\t\t\t\t\t<div class=\"elementor-element elementor-element-ea70be3 elementor-widget elementor-widget-heading\" data-id=\"ea70be3\" data-element_type=\"widget\" data-widget_type=\"heading.default\">\n\t\t\t\t<div class=\"elementor-widget-container\">\n\t\t\t<h2 class=\"elementor-heading-title elementor-size-default\">Cirug\u00eda de mamas<\/h2>\t\t<\/div>\n\t\t\t\t<\/div>\n\t\t\t\t\t\t<\/div>\n\t\t\t\t\t<\/div>\n\t\t<\/div>\n\t\t\t\t<div class=\"elementor-column elementor-col-50 elementor-top-column elementor-element elementor-element-3090f53\" data-id=\"3090f53\" data-element_type=\"column\">\n\t\t\t<div class=\"elementor-column-wrap elementor-element-populated\">\n\t\t\t\t\t\t\t<div class=\"elementor-widget-wrap\">\n\t\t\t\t\t\t<div class=\"elementor-element elementor-element-b9e61bd elementor-aspect-ratio-169 elementor-widget elementor-widget-video\" data-id=\"b9e61bd\" data-element_type=\"widget\" data-settings=\"{&quot;video_type&quot;:&quot;hosted&quot;,&quot;controls&quot;:&quot;yes&quot;,&quot;aspect_ratio&quot;:&quot;169&quot;}\" data-widget_type=\"video.default\">\n\t\t\t\t<div class=\"elementor-widget-container\">\n\t\t\t\t\t<div class=\"e-hosted-video elementor-wrapper elementor-fit-aspect-ratio elementor-open-inline\">\n\t\t\t\t\t<video class=\"elementor-video\" src=\"http:\/\/sbeltahermosillo.com\/wp-content\/uploads\/2020\/12\/CIRUGIA-DE-MAMAS.mp4\" controls=\"\" controlsList=\"nodownload\"><\/video>\n\t\t\t\t<\/div>\n\t\t\t\t<\/div>\n\t\t\t\t<\/div>\n\t\t\t\t\t\t<\/div>\n\t\t\t\t\t<\/div>\n\t\t<\/div>\n\t\t\t\t\t\t\t\t<\/div>\n\t\t\t\t\t<\/div>\n\t\t<\/section>\n\t\t\t\t<section class=\"elementor-section elementor-top-section elementor-element elementor-element-52f4987 elementor-section-boxed elementor-section-height-default elementor-section-height-default\" data-id=\"52f4987\" data-element_type=\"section\">\n\t\t\t\t\t\t<div class=\"elementor-container elementor-column-gap-default\">\n\t\t\t\t\t\t\t<div class=\"elementor-row\">\n\t\t\t\t\t<div class=\"elementor-column elementor-col-50 elementor-top-column elementor-element elementor-element-961f92a\" data-id=\"961f92a\" data-element_type=\"column\" id=\"aumento\">\n\t\t\t<div class=\"elementor-column-wrap elementor-element-populated\">\n\t\t\t\t\t\t\t<div class=\"elementor-widget-wrap\">\n\t\t\t\t\t\t<div class=\"elementor-element elementor-element-1943bbc elementor-widget elementor-widget-heading\" data-id=\"1943bbc\" data-element_type=\"widget\" data-widget_type=\"heading.default\">\n\t\t\t\t<div class=\"elementor-widget-container\">\n\t\t\t<h1 class=\"elementor-heading-title elementor-size-default\">Aumento De Busto<\/h1>\t\t<\/div>\n\t\t\t\t<\/div>\n\t\t\t\t<div class=\"elementor-element elementor-element-f26079c elementor-widget elementor-widget-text-editor\" data-id=\"f26079c\" data-element_type=\"widget\" data-widget_type=\"text-editor.default\">\n\t\t\t\t<div class=\"elementor-widget-container\">\n\t\t\t\t\t\t\t\t<div class=\"elementor-text-editor elementor-clearfix\">\n\t\t\t\t<p>El aumento de busto lo realizamos habitualmente con implantes redondos de gel de silic\u00f3n altamente cohesivo (tambi\u00e9n hay implantes anat\u00f3micos y de poliuretano), el procedimiento es ambulatorio y se realiza con anestesia regional (la raquia), la recuperaci\u00f3n es breve de 3 a 5 d\u00edas y el resultado final siempre se ver\u00e1 al a\u00f1o del procedimiento, aunque a los 3 meses ya estar\u00e1 casi definido. Se recomienda en pacientes mayores de 18 a\u00f1os.<\/p>\t\t\t\t\t<\/div>\n\t\t\t\t\t\t<\/div>\n\t\t\t\t<\/div>\n\t\t\t\t\t\t<\/div>\n\t\t\t\t\t<\/div>\n\t\t<\/div>\n\t\t\t\t<div class=\"elementor-column elementor-col-50 elementor-top-column elementor-element elementor-element-a831281\" data-id=\"a831281\" data-element_type=\"column\" id=\"reduccion\">\n\t\t\t<div class=\"elementor-column-wrap elementor-element-populated\">\n\t\t\t\t\t\t\t<div class=\"elementor-widget-wrap\">\n\t\t\t\t\t\t<div class=\"elementor-element elementor-element-90f480e elementor-widget elementor-widget-heading\" data-id=\"90f480e\" data-element_type=\"widget\" data-widget_type=\"heading.default\">\n\t\t\t\t<div class=\"elementor-widget-container\">\n\t\t\t<h1 class=\"elementor-heading-title elementor-size-default\">Reducci\u00f3n De Mama<\/h1>\t\t<\/div>\n\t\t\t\t<\/div>\n\t\t\t\t<div class=\"elementor-element elementor-element-9bdb9f4 elementor-widget elementor-widget-text-editor\" data-id=\"9bdb9f4\" data-element_type=\"widget\" data-widget_type=\"text-editor.default\">\n\t\t\t\t<div class=\"elementor-widget-container\">\n\t\t\t\t\t\t\t\t<div class=\"elementor-text-editor elementor-clearfix\">\n\t\t\t\t<p>La reducci\u00f3n de busto se puede realizar independientemente de si se ha tenido bebes o no, tener dolor de espalda justifica el procedimiento. Existen varias t\u00e9cnicas que el cirujano elegir\u00e1 de acuerdo a cada caso, la herida es alrededor del pez\u00f3n, en linea media y en el surco, como una ancla de barco. La anestesia es regional (la llamada raquia) y el tiempo de recuperaci\u00f3n es de 2 semanas, el resultado final se logra al a\u00f1o, aunque a los 3 meses ya se est\u00e1 casi desinflamado por completo<\/p>\t\t\t\t\t<\/div>\n\t\t\t\t\t\t<\/div>\n\t\t\t\t<\/div>\n\t\t\t\t\t\t<\/div>\n\t\t\t\t\t<\/div>\n\t\t<\/div>\n\t\t\t\t\t\t\t\t<\/div>\n\t\t\t\t\t<\/div>\n\t\t<\/section>\n\t\t\t\t<section class=\"elementor-section elementor-top-section elementor-element elementor-element-4f514d4 elementor-section-boxed elementor-section-height-default elementor-section-height-default\" data-id=\"4f514d4\" data-element_type=\"section\">\n\t\t\t\t\t\t<div class=\"elementor-container elementor-column-gap-default\">\n\t\t\t\t\t\t\t<div class=\"elementor-row\">\n\t\t\t\t\t<div class=\"elementor-column elementor-col-100 elementor-top-column elementor-element elementor-element-108b923\" data-id=\"108b923\" data-element_type=\"column\">\n\t\t\t<div class=\"elementor-column-wrap\">\n\t\t\t\t\t\t\t<div class=\"elementor-widget-wrap\">\n\t\t\t\t\t\t\t\t<\/div>\n\t\t\t\t\t<\/div>\n\t\t<\/div>\n\t\t\t\t\t\t\t\t<\/div>\n\t\t\t\t\t<\/div>\n\t\t<\/section>\n\t\t\t\t<section class=\"elementor-section elementor-top-section elementor-element elementor-element-8f25663 elementor-section-boxed elementor-section-height-default elementor-section-height-default\" data-id=\"8f25663\" data-element_type=\"section\">\n\t\t\t\t\t\t<div class=\"elementor-container elementor-column-gap-default\">\n\t\t\t\t\t\t\t<div class=\"elementor-row\">\n\t\t\t\t\t<div class=\"elementor-column elementor-col-50 elementor-top-column elementor-element elementor-element-6b0cd81\" data-id=\"6b0cd81\" data-element_type=\"column\" id=\"reconstruccion\">\n\t\t\t<div class=\"elementor-column-wrap elementor-element-populated\">\n\t\t\t\t\t\t\t<div class=\"elementor-widget-wrap\">\n\t\t\t\t\t\t<div class=\"elementor-element elementor-element-cebe854 elementor-widget elementor-widget-heading\" data-id=\"cebe854\" data-element_type=\"widget\" data-widget_type=\"heading.default\">\n\t\t\t\t<div class=\"elementor-widget-container\">\n\t\t\t<h1 class=\"elementor-heading-title elementor-size-default\">Reconstrucci\u00f3n mamaria<\/h1>\t\t<\/div>\n\t\t\t\t<\/div>\n\t\t\t\t<div class=\"elementor-element elementor-element-963f0c6 elementor-widget elementor-widget-text-editor\" data-id=\"963f0c6\" data-element_type=\"widget\" data-widget_type=\"text-editor.default\">\n\t\t\t\t<div class=\"elementor-widget-container\">\n\t\t\t\t\t\t\t\t<div class=\"elementor-text-editor elementor-clearfix\">\n\t\t\t\t<p>En este tema definitivamente se requiere una cita de valoraci\u00f3n, ya que existen muchas opciones para reconstrucci\u00f3n de mama y debemos elegir la que mejor se adapte a las necesidades de cada paciente. Existe reconstrucci\u00f3n con implantes de gel de silic\u00f3n y reconstrucci\u00f3n con tejidos propios como los colgajos abdominales que pueden ser tradicionales o microquir\u00fargicos, y existen otras t\u00e9cnicas que combinan ambos procedimientos. Cu\u00e1l elegir depende del antecedente de radiaci\u00f3n o cirug\u00edas previas<\/p>\t\t\t\t\t<\/div>\n\t\t\t\t\t\t<\/div>\n\t\t\t\t<\/div>\n\t\t\t\t\t\t<\/div>\n\t\t\t\t\t<\/div>\n\t\t<\/div>\n\t\t\t\t<div class=\"elementor-column elementor-col-50 elementor-top-column elementor-element elementor-element-d2ae29b\" data-id=\"d2ae29b\" data-element_type=\"column\" id=\"levantamiento\">\n\t\t\t<div class=\"elementor-column-wrap elementor-element-populated\">\n\t\t\t\t\t\t\t<div class=\"elementor-widget-wrap\">\n\t\t\t\t\t\t<div class=\"elementor-element elementor-element-f82f4d4 elementor-widget elementor-widget-heading\" data-id=\"f82f4d4\" data-element_type=\"widget\" data-widget_type=\"heading.default\">\n\t\t\t\t<div class=\"elementor-widget-container\">\n\t\t\t<h1 class=\"elementor-heading-title elementor-size-default\">Levantamiento De Mama<\/h1>\t\t<\/div>\n\t\t\t\t<\/div>\n\t\t\t\t<div class=\"elementor-element elementor-element-ea3df18 elementor-widget elementor-widget-text-editor\" data-id=\"ea3df18\" data-element_type=\"widget\" data-widget_type=\"text-editor.default\">\n\t\t\t\t<div class=\"elementor-widget-container\">\n\t\t\t\t\t\t\t\t<div class=\"elementor-text-editor elementor-clearfix\">\n\t\t\t\t<p>El levantamiento de busto se puede realizar independientemente de si se ha tenido bebes o no, existen varias t\u00e9cnicas de levantamiento, algunas con cicatriz solo al rededor de la areaola, otras con cicatriz adicional solo en la linea media y otras que son como una ancla de barco. La anestesia es regional (la llamada raquia) y el tiempo de recuperaci\u00f3n es de 2 semanas, el resultado final se logra al a\u00f1o, aunque a los 3 meses ya se est\u00e1 casi desinflamado por completo.<\/p>\t\t\t\t\t<\/div>\n\t\t\t\t\t\t<\/div>\n\t\t\t\t<\/div>\n\t\t\t\t\t\t<\/div>\n\t\t\t\t\t<\/div>\n\t\t<\/div>\n\t\t\t\t\t\t\t\t<\/div>\n\t\t\t\t\t<\/div>\n\t\t<\/section>\n\t\t\t\t<section class=\"elementor-section elementor-top-section elementor-element elementor-element-ff03603 elementor-section-boxed elementor-section-height-default elementor-section-height-default\" data-id=\"ff03603\" data-element_type=\"section\">\n\t\t\t\t\t\t<div class=\"elementor-container elementor-column-gap-default\">\n\t\t\t\t\t\t\t<div class=\"elementor-row\">\n\t\t\t\t\t<div class=\"elementor-column elementor-col-50 elementor-top-column elementor-element elementor-element-815edb0\" data-id=\"815edb0\" data-element_type=\"column\" id=\"ginecomastia\">\n\t\t\t<div class=\"elementor-column-wrap elementor-element-populated\">\n\t\t\t\t\t\t\t<div class=\"elementor-widget-wrap\">\n\t\t\t\t\t\t<div class=\"elementor-element elementor-element-1e4e1ff elementor-widget elementor-widget-heading\" data-id=\"1e4e1ff\" data-element_type=\"widget\" data-widget_type=\"heading.default\">\n\t\t\t\t<div class=\"elementor-widget-container\">\n\t\t\t<h1 class=\"elementor-heading-title elementor-size-default\">Cirug\u00eda ginecomastia<\/h1>\t\t<\/div>\n\t\t\t\t<\/div>\n\t\t\t\t<div class=\"elementor-element elementor-element-677ab6b elementor-widget elementor-widget-text-editor\" data-id=\"677ab6b\" data-element_type=\"widget\" data-widget_type=\"text-editor.default\">\n\t\t\t\t<div class=\"elementor-widget-container\">\n\t\t\t\t\t\t\t\t<div class=\"elementor-text-editor elementor-clearfix\">\n\t\t\t\t<p>Existen varios grados de ginecomastia y de acuerdo a ello se elige entre solo realizar liposucci\u00f3n o resecar por completo la gl\u00e1ndula, la cicatriz depender\u00e1 de ello, a veces solo se requiere una incisi\u00f3n en media luna en el pez\u00f3n y a veces una cicatriz grande (depende el exceso de piel). Se realiza con anestesia regional (llamada raquia), puede ser ambulatorio o permanecer una noche en hospital. Cuidados posteriores: chaleco compresivo por un mes y ultrasonido. Recuperaci\u00f3n de 10 a 15 d\u00edas.<\/p>\t\t\t\t\t<\/div>\n\t\t\t\t\t\t<\/div>\n\t\t\t\t<\/div>\n\t\t\t\t\t\t<\/div>\n\t\t\t\t\t<\/div>\n\t\t<\/div>\n\t\t\t\t<div class=\"elementor-column elementor-col-50 elementor-top-column elementor-element elementor-element-65eaa9e\" data-id=\"65eaa9e\" data-element_type=\"column\">\n\t\t\t<div class=\"elementor-column-wrap\">\n\t\t\t\t\t\t\t<div class=\"elementor-widget-wrap\">\n\t\t\t\t\t\t\t\t<\/div>\n\t\t\t\t\t<\/div>\n\t\t<\/div>\n\t\t\t\t\t\t\t\t<\/div>\n\t\t\t\t\t<\/div>\n\t\t<\/section>\n\t\t\t\t\t\t<\/div>\n\t\t\t\t\t\t<\/div>\n\t\t\t\t\t<\/div>\n\t\t","protected":false},"excerpt":{"rendered":"<p>Cirug\u00eda de mamas http:\/\/sbeltahermosillo.com\/wp-content\/uploads\/2020\/12\/CIRUGIA-DE-MAMAS.mp4 Aumento De Busto El aumento de busto lo realizamos habitualmente con implantes redondos de gel de silic\u00f3n altamente cohesivo (tambi\u00e9n hay implantes anat\u00f3micos y de poliuretano), el procedimiento es ambulatorio y se realiza con anestesia regional (la raquia), la recuperaci\u00f3n es breve de 3 a 5 d\u00edas y el resultado final &hellip;<\/p>\n<p class=\"read-more\"> <a class=\"\" href=\"https:\/\/sbeltahermosillo.com\/index.php\/cirugia-de-mamas\/\"> <span class=\"screen-reader-text\">Cirug\u00eda de mamas<\/span> Leer m\u00e1s &raquo;<\/a><\/p>\n","protected":false},"author":1,"featured_media":0,"parent":0,"menu_order":0,"comment_status":"closed","ping_status":"closed","template":"","meta":{"_monsterinsights_skip_tracking":false,"_monsterinsights_sitenote_active":false,"_monsterinsights_sitenote_note":"","_monsterinsights_sitenote_category":0},"yoast_head":"<!-- This site is optimized with the Yoast SEO plugin v17.8 - https:\/\/yoast.com\/wordpress\/plugins\/seo\/ -->\n<title>Cirug\u00eda de mamas - Sbelta Hermosillo<\/title>\n<meta name=\"robots\" content=\"index, follow, max-snippet:-1, max-image-preview:large, max-video-preview:-1\" \/>\n<link rel=\"canonical\" href=\"https:\/\/sbeltahermosillo.com\/index.php\/cirugia-de-mamas\/\" \/>\n<meta property=\"og:locale\" content=\"es_ES\" \/>\n<meta property=\"og:type\" content=\"article\" \/>\n<meta property=\"og:title\" content=\"Cirug\u00eda de mamas - Sbelta Hermosillo\" \/>\n<meta property=\"og:description\" content=\"Cirug\u00eda de mamas http:\/\/sbeltahermosillo.com\/wp-content\/uploads\/2020\/12\/CIRUGIA-DE-MAMAS.mp4 Aumento De Busto El aumento de busto lo realizamos habitualmente con implantes redondos de gel de silic\u00f3n altamente cohesivo (tambi\u00e9n hay implantes anat\u00f3micos y de poliuretano), el procedimiento es ambulatorio y se realiza con anestesia regional (la raquia), la recuperaci\u00f3n es breve de 3 a 5 d\u00edas y el resultado final &hellip; Cirug\u00eda de mamas Leer m\u00e1s &raquo;\" \/>\n<meta property=\"og:url\" content=\"https:\/\/sbeltahermosillo.com\/index.php\/cirugia-de-mamas\/\" \/>\n<meta property=\"og:site_name\" content=\"Sbelta Hermosillo\" \/>\n<meta property=\"article:modified_time\" content=\"2020-12-14T20:49:46+00:00\" \/>\n<meta name=\"twitter:card\" content=\"summary_large_image\" \/>\n<meta name=\"twitter:label1\" content=\"Tiempo de lectura\" \/>\n\t<meta name=\"twitter:data1\" content=\"2 minutos\" \/>\n<script type=\"application\/ld+json\" class=\"yoast-schema-graph\">{\"@context\":\"https:\/\/schema.org\",\"@graph\":[{\"@type\":\"WebSite\",\"@id\":\"https:\/\/sbeltahermosillo.com\/#website\",\"url\":\"https:\/\/sbeltahermosillo.com\/\",\"name\":\"Sbelta Hermosillo\",\"description\":\"Especialistas en cirug\\u00eda pl\\u00e1stica y procedimientos est\\u00e9ticos. Somos profesionales encargados de brindarte la informaci\\u00f3n y el tratamiento adecuado respecto a tu armon\\u00eda corporal y facial. Es por ello que usted no tendr\\u00e1 dudas en recibir el mejor procedimiento que m\\u00e1s se adapte a sus necesidades.\",\"potentialAction\":[{\"@type\":\"SearchAction\",\"target\":{\"@type\":\"EntryPoint\",\"urlTemplate\":\"https:\/\/sbeltahermosillo.com\/?s={search_term_string}\"},\"query-input\":\"required name=search_term_string\"}],\"inLanguage\":\"es\"},{\"@type\":\"WebPage\",\"@id\":\"https:\/\/sbeltahermosillo.com\/index.php\/cirugia-de-mamas\/#webpage\",\"url\":\"https:\/\/sbeltahermosillo.com\/index.php\/cirugia-de-mamas\/\",\"name\":\"Cirug\\u00eda de mamas - Sbelta Hermosillo\",\"isPartOf\":{\"@id\":\"https:\/\/sbeltahermosillo.com\/#website\"},\"datePublished\":\"2020-11-29T19:45:06+00:00\",\"dateModified\":\"2020-12-14T20:49:46+00:00\",\"breadcrumb\":{\"@id\":\"https:\/\/sbeltahermosillo.com\/index.php\/cirugia-de-mamas\/#breadcrumb\"},\"inLanguage\":\"es\",\"potentialAction\":[{\"@type\":\"ReadAction\",\"target\":[\"https:\/\/sbeltahermosillo.com\/index.php\/cirugia-de-mamas\/\"]}]},{\"@type\":\"BreadcrumbList\",\"@id\":\"https:\/\/sbeltahermosillo.com\/index.php\/cirugia-de-mamas\/#breadcrumb\",\"itemListElement\":[{\"@type\":\"ListItem\",\"position\":1,\"name\":\"Portada\",\"item\":\"https:\/\/sbeltahermosillo.com\/\"},{\"@type\":\"ListItem\",\"position\":2,\"name\":\"Cirug\\u00eda de mamas\"}]}]}<\/script>\n<!-- \/ Yoast SEO plugin. -->","yoast_head_json":{"title":"Cirug\u00eda de mamas - Sbelta Hermosillo","robots":{"index":"index","follow":"follow","max-snippet":"max-snippet:-1","max-image-preview":"max-image-preview:large","max-video-preview":"max-video-preview:-1"},"canonical":"https:\/\/sbeltahermosillo.com\/index.php\/cirugia-de-mamas\/","og_locale":"es_ES","og_type":"article","og_title":"Cirug\u00eda de mamas - Sbelta Hermosillo","og_description":"Cirug\u00eda de mamas http:\/\/sbeltahermosillo.com\/wp-content\/uploads\/2020\/12\/CIRUGIA-DE-MAMAS.mp4 Aumento De Busto El aumento de busto lo realizamos habitualmente con implantes redondos de gel de silic\u00f3n altamente cohesivo (tambi\u00e9n hay implantes anat\u00f3micos y de poliuretano), el procedimiento es ambulatorio y se realiza con anestesia regional (la raquia), la recuperaci\u00f3n es breve de 3 a 5 d\u00edas y el resultado final &hellip; Cirug\u00eda de mamas Leer m\u00e1s &raquo;","og_url":"https:\/\/sbeltahermosillo.com\/index.php\/cirugia-de-mamas\/","og_site_name":"Sbelta Hermosillo","article_modified_time":"2020-12-14T20:49:46+00:00","twitter_card":"summary_large_image","twitter_misc":{"Tiempo de lectura":"2 minutos"},"schema":{"@context":"https:\/\/schema.org","@graph":[{"@type":"WebSite","@id":"https:\/\/sbeltahermosillo.com\/#website","url":"https:\/\/sbeltahermosillo.com\/","name":"Sbelta Hermosillo","description":"Especialistas en cirug\u00eda pl\u00e1stica y procedimientos est\u00e9ticos. Somos profesionales encargados de brindarte la informaci\u00f3n y el tratamiento adecuado respecto a tu armon\u00eda corporal y facial. Es por ello que usted no tendr\u00e1 dudas en recibir el mejor procedimiento que m\u00e1s se adapte a sus necesidades.","potentialAction":[{"@type":"SearchAction","target":{"@type":"EntryPoint","urlTemplate":"https:\/\/sbeltahermosillo.com\/?s={search_term_string}"},"query-input":"required name=search_term_string"}],"inLanguage":"es"},{"@type":"WebPage","@id":"https:\/\/sbeltahermosillo.com\/index.php\/cirugia-de-mamas\/#webpage","url":"https:\/\/sbeltahermosillo.com\/index.php\/cirugia-de-mamas\/","name":"Cirug\u00eda de mamas - Sbelta Hermosillo","isPartOf":{"@id":"https:\/\/sbeltahermosillo.com\/#website"},"datePublished":"2020-11-29T19:45:06+00:00","dateModified":"2020-12-14T20:49:46+00:00","breadcrumb":{"@id":"https:\/\/sbeltahermosillo.com\/index.php\/cirugia-de-mamas\/#breadcrumb"},"inLanguage":"es","potentialAction":[{"@type":"ReadAction","target":["https:\/\/sbeltahermosillo.com\/index.php\/cirugia-de-mamas\/"]}]},{"@type":"BreadcrumbList","@id":"https:\/\/sbeltahermosillo.com\/index.php\/cirugia-de-mamas\/#breadcrumb","itemListElement":[{"@type":"ListItem","position":1,"name":"Portada","item":"https:\/\/sbeltahermosillo.com\/"},{"@type":"ListItem","position":2,"name":"Cirug\u00eda de mamas"}]}]}},"_links":{"self":[{"href":"https:\/\/sbeltahermosillo.com\/index.php\/wp-json\/wp\/v2\/pages\/24672"}],"collection":[{"href":"https:\/\/sbeltahermosillo.com\/index.php\/wp-json\/wp\/v2\/pages"}],"about":[{"href":"https:\/\/sbeltahermosillo.com\/index.php\/wp-json\/wp\/v2\/types\/page"}],"author":[{"embeddable":true,"href":"https:\/\/sbeltahermosillo.com\/index.php\/wp-json\/wp\/v2\/users\/1"}],"replies":[{"embeddable":true,"href":"https:\/\/sbeltahermosillo.com\/index.php\/wp-json\/wp\/v2\/comments?post=24672"}],"version-history":[{"count":32,"href":"https:\/\/sbeltahermosillo.com\/index.php\/wp-json\/wp\/v2\/pages\/24672\/revisions"}],"predecessor-version":[{"id":25284,"href":"https:\/\/sbeltahermosillo.com\/index.php\/wp-json\/wp\/v2\/pages\/24672\/revisions\/25284"}],"wp:attachment":[{"href":"https:\/\/sbeltahermosillo.com\/index.php\/wp-json\/wp\/v2\/media?parent=24672"}],"curies":[{"name":"wp","href":"https:\/\/api.w.org\/{rel}","templated":true}]}}