{"id":24662,"date":"2020-11-29T19:23:32","date_gmt":"2020-11-29T19:23:32","guid":{"rendered":"https:\/\/sbeltahermosillo.com\/?page_id=24662"},"modified":"2020-12-14T20:46:32","modified_gmt":"2020-12-14T20:46:32","slug":"cirugia-facial","status":"publish","type":"page","link":"https:\/\/sbeltahermosillo.com\/index.php\/cirugia-facial\/","title":{"rendered":"Tratamientos est\u00e9ticos con cirug\u00eda"},"content":{"rendered":"\t\t<div data-elementor-type=\"wp-page\" data-elementor-id=\"24662\" class=\"elementor elementor-24662\" data-elementor-settings=\"[]\">\n\t\t\t\t\t\t<div class=\"elementor-inner\">\n\t\t\t\t\t\t\t<div class=\"elementor-section-wrap\">\n\t\t\t\t\t\t\t<section class=\"elementor-section elementor-top-section elementor-element elementor-element-d29294e elementor-section-boxed elementor-section-height-default elementor-section-height-default\" data-id=\"d29294e\" data-element_type=\"section\" data-settings=\"{&quot;background_background&quot;:&quot;classic&quot;}\">\n\t\t\t\t\t\t\t<div class=\"elementor-background-overlay\"><\/div>\n\t\t\t\t\t\t\t<div class=\"elementor-container elementor-column-gap-default\">\n\t\t\t\t\t\t\t<div class=\"elementor-row\">\n\t\t\t\t\t<div class=\"elementor-column elementor-col-50 elementor-top-column elementor-element elementor-element-2311622\" data-id=\"2311622\" data-element_type=\"column\">\n\t\t\t<div class=\"elementor-column-wrap elementor-element-populated\">\n\t\t\t\t\t\t\t<div class=\"elementor-widget-wrap\">\n\t\t\t\t\t\t<div class=\"elementor-element elementor-element-ea70be3 elementor-widget elementor-widget-heading\" data-id=\"ea70be3\" data-element_type=\"widget\" data-widget_type=\"heading.default\">\n\t\t\t\t<div class=\"elementor-widget-container\">\n\t\t\t<h2 class=\"elementor-heading-title elementor-size-default\">Procedimientos Faciales Quir\u00fagircos<\/h2>\t\t<\/div>\n\t\t\t\t<\/div>\n\t\t\t\t\t\t<\/div>\n\t\t\t\t\t<\/div>\n\t\t<\/div>\n\t\t\t\t<div class=\"elementor-column elementor-col-50 elementor-top-column elementor-element elementor-element-5a2a2c8\" data-id=\"5a2a2c8\" data-element_type=\"column\">\n\t\t\t<div class=\"elementor-column-wrap elementor-element-populated\">\n\t\t\t\t\t\t\t<div class=\"elementor-widget-wrap\">\n\t\t\t\t\t\t<div class=\"elementor-element elementor-element-3ef7278 elementor-aspect-ratio-169 elementor-widget elementor-widget-video\" data-id=\"3ef7278\" data-element_type=\"widget\" data-settings=\"{&quot;video_type&quot;:&quot;hosted&quot;,&quot;controls&quot;:&quot;yes&quot;,&quot;aspect_ratio&quot;:&quot;169&quot;}\" data-widget_type=\"video.default\">\n\t\t\t\t<div class=\"elementor-widget-container\">\n\t\t\t\t\t<div class=\"e-hosted-video elementor-wrapper elementor-fit-aspect-ratio elementor-open-inline\">\n\t\t\t\t\t<video class=\"elementor-video\" src=\"http:\/\/sbeltahermosillo.com\/wp-content\/uploads\/2020\/12\/PROCEDIMIENTO-FACIAL-QUIRURGICO.mp4\" controls=\"\" controlsList=\"nodownload\"><\/video>\n\t\t\t\t<\/div>\n\t\t\t\t<\/div>\n\t\t\t\t<\/div>\n\t\t\t\t\t\t<\/div>\n\t\t\t\t\t<\/div>\n\t\t<\/div>\n\t\t\t\t\t\t\t\t<\/div>\n\t\t\t\t\t<\/div>\n\t\t<\/section>\n\t\t\t\t<section class=\"elementor-section elementor-top-section elementor-element elementor-element-52f4987 elementor-section-boxed elementor-section-height-default elementor-section-height-default\" data-id=\"52f4987\" data-element_type=\"section\">\n\t\t\t\t\t\t<div class=\"elementor-container elementor-column-gap-default\">\n\t\t\t\t\t\t\t<div class=\"elementor-row\">\n\t\t\t\t\t<div class=\"elementor-column elementor-col-50 elementor-top-column elementor-element elementor-element-961f92a\" data-id=\"961f92a\" data-element_type=\"column\" id=\"rinoplastia\">\n\t\t\t<div class=\"elementor-column-wrap elementor-element-populated\">\n\t\t\t\t\t\t\t<div class=\"elementor-widget-wrap\">\n\t\t\t\t\t\t<div class=\"elementor-element elementor-element-1943bbc elementor-widget elementor-widget-heading\" data-id=\"1943bbc\" data-element_type=\"widget\" data-widget_type=\"heading.default\">\n\t\t\t\t<div class=\"elementor-widget-container\">\n\t\t\t<h1 class=\"elementor-heading-title elementor-size-default\">Rinoplastia<\/h1>\t\t<\/div>\n\t\t\t\t<\/div>\n\t\t\t\t<div class=\"elementor-element elementor-element-f26079c elementor-widget elementor-widget-text-editor\" data-id=\"f26079c\" data-element_type=\"widget\" data-widget_type=\"text-editor.default\">\n\t\t\t\t<div class=\"elementor-widget-container\">\n\t\t\t\t\t\t\t\t<div class=\"elementor-text-editor elementor-clearfix\">\n\t\t\t\t<p>La Rinoplast\u00eda puede ser est\u00e9tica o tambi\u00e9n funciona en los casos que exista alg\u00fan problema respiratorio o de desviaci\u00f3n de tabique nasal; se recomienda en pacientes mayores de 17 a\u00f1os o mujeres que ya han presentado su primer periodo menstrual. Se realiza bajo anestesia general y es un procedimiento ambulatorio. El periodo de recuperaci\u00f3n o de reposo es de 5 a 15 d\u00edas, se recomienda no realizar ejercicio de contacto f\u00edsico o pesas durante 3 meses. El resultado final siempre es al a\u00f1o.<\/p>\t\t\t\t\t<\/div>\n\t\t\t\t\t\t<\/div>\n\t\t\t\t<\/div>\n\t\t\t\t\t\t<\/div>\n\t\t\t\t\t<\/div>\n\t\t<\/div>\n\t\t\t\t<div class=\"elementor-column elementor-col-50 elementor-top-column elementor-element elementor-element-a831281\" data-id=\"a831281\" data-element_type=\"column\" id=\"mentoplastia\">\n\t\t\t<div class=\"elementor-column-wrap elementor-element-populated\">\n\t\t\t\t\t\t\t<div class=\"elementor-widget-wrap\">\n\t\t\t\t\t\t<div class=\"elementor-element elementor-element-90f480e elementor-widget elementor-widget-heading\" data-id=\"90f480e\" data-element_type=\"widget\" data-widget_type=\"heading.default\">\n\t\t\t\t<div class=\"elementor-widget-container\">\n\t\t\t<h1 class=\"elementor-heading-title elementor-size-default\">Ment\u00f3n \/ Mentoplast\u00eda<\/h1>\t\t<\/div>\n\t\t\t\t<\/div>\n\t\t\t\t<div class=\"elementor-element elementor-element-9bdb9f4 elementor-widget elementor-widget-text-editor\" data-id=\"9bdb9f4\" data-element_type=\"widget\" data-widget_type=\"text-editor.default\">\n\t\t\t\t<div class=\"elementor-widget-container\">\n\t\t\t\t\t\t\t\t<div class=\"elementor-text-editor elementor-clearfix\">\n\t\t\t\t<p>El aumento de ment\u00f3n se puede realizar de dos maneras. Con cirug\u00eda donde colocamos un implante de silicon que se introduce por un peque\u00f1a herida en la barbilla bajo anestesia local y sedaci\u00f3n como procedimiento ambulatorio, requiere el uso de una mentonera por un mes y el tiempo de reposo var\u00eda de acuerdo al tipo de actividad del paciente, no debe hacer ejercicio en un mes o pesas en 3 meses. La otra opci\u00f3n es con rellenos de \u00e1cido Hialur\u00f3nico que no requiere reposo ni alguna indicaci\u00f3n especial<\/p>\t\t\t\t\t<\/div>\n\t\t\t\t\t\t<\/div>\n\t\t\t\t<\/div>\n\t\t\t\t\t\t<\/div>\n\t\t\t\t\t<\/div>\n\t\t<\/div>\n\t\t\t\t\t\t\t\t<\/div>\n\t\t\t\t\t<\/div>\n\t\t<\/section>\n\t\t\t\t<section class=\"elementor-section elementor-top-section elementor-element elementor-element-8f25663 elementor-section-boxed elementor-section-height-default elementor-section-height-default\" data-id=\"8f25663\" data-element_type=\"section\" id=\"pomulos\">\n\t\t\t\t\t\t<div class=\"elementor-container elementor-column-gap-default\">\n\t\t\t\t\t\t\t<div class=\"elementor-row\">\n\t\t\t\t\t<div class=\"elementor-column elementor-col-50 elementor-top-column elementor-element elementor-element-6b0cd81\" data-id=\"6b0cd81\" data-element_type=\"column\" id=\"papada\">\n\t\t\t<div class=\"elementor-column-wrap elementor-element-populated\">\n\t\t\t\t\t\t\t<div class=\"elementor-widget-wrap\">\n\t\t\t\t\t\t<div class=\"elementor-element elementor-element-cebe854 elementor-widget elementor-widget-heading\" data-id=\"cebe854\" data-element_type=\"widget\" data-widget_type=\"heading.default\">\n\t\t\t\t<div class=\"elementor-widget-container\">\n\t\t\t<h1 class=\"elementor-heading-title elementor-size-default\">Papada<\/h1>\t\t<\/div>\n\t\t\t\t<\/div>\n\t\t\t\t<div class=\"elementor-element elementor-element-963f0c6 elementor-widget elementor-widget-text-editor\" data-id=\"963f0c6\" data-element_type=\"widget\" data-widget_type=\"text-editor.default\">\n\t\t\t\t<div class=\"elementor-widget-container\">\n\t\t\t\t\t\t\t\t<div class=\"elementor-text-editor elementor-clearfix\">\n\t\t\t\t<p>Para reducci\u00f3n de papada ofrecemos dos tratamientos, uno con cirug\u00eda que es la liposucci\u00f3n que hacemos con anestesia local y sedaci\u00f3n en el consultorio como procedimiento ambulatorio, requiere del uso de una faja especial y reposo de una semana; y el otro procedimiento no quir\u00fargico donde aplicamos enzimas lipol\u00edticas que destruyen la grasa y en conjunto con radiofrecuencia hacemos sesiones cada 3 semanas con resultados favorables y sin cirug\u00eda, ni reposo, ni suspensi\u00f3n de actividades.<\/p>\t\t\t\t\t<\/div>\n\t\t\t\t\t\t<\/div>\n\t\t\t\t<\/div>\n\t\t\t\t\t\t<\/div>\n\t\t\t\t\t<\/div>\n\t\t<\/div>\n\t\t\t\t<div class=\"elementor-column elementor-col-50 elementor-top-column elementor-element elementor-element-815edb0\" data-id=\"815edb0\" data-element_type=\"column\" id=\"bichat\">\n\t\t\t<div class=\"elementor-column-wrap elementor-element-populated\">\n\t\t\t\t\t\t\t<div class=\"elementor-widget-wrap\">\n\t\t\t\t\t\t<div class=\"elementor-element elementor-element-1e4e1ff elementor-widget elementor-widget-heading\" data-id=\"1e4e1ff\" data-element_type=\"widget\" data-widget_type=\"heading.default\">\n\t\t\t\t<div class=\"elementor-widget-container\">\n\t\t\t<h1 class=\"elementor-heading-title elementor-size-default\">Bolsas de Bichat<\/h1>\t\t<\/div>\n\t\t\t\t<\/div>\n\t\t\t\t<div class=\"elementor-element elementor-element-677ab6b elementor-widget elementor-widget-text-editor\" data-id=\"677ab6b\" data-element_type=\"widget\" data-widget_type=\"text-editor.default\">\n\t\t\t\t<div class=\"elementor-widget-container\">\n\t\t\t\t\t\t\t\t<div class=\"elementor-text-editor elementor-clearfix\">\n\t\t\t\t<p>Es un procedimiento ambulatorio que realizamos en consultorio con anestesia loca, solo se requiere un ayuno de 2 hrs y acudir con adecuada higiene bucal, el procedimiento dura de 30 a 60 minutos y no requiere retiro de puntos, la herida es por dentro de la mejilla por lo que no se nota, la inflamaci\u00f3n dura alrededor de 3 a 7 d\u00edas y va cediendo paulatinamente, los resultados se aprecian a los 3 meses. Es necesaria una cita de valoraci\u00f3n ya que no todos son candidatos al procedimiento.<\/p>\t\t\t\t\t<\/div>\n\t\t\t\t\t\t<\/div>\n\t\t\t\t<\/div>\n\t\t\t\t\t\t<\/div>\n\t\t\t\t\t<\/div>\n\t\t<\/div>\n\t\t\t\t\t\t\t\t<\/div>\n\t\t\t\t\t<\/div>\n\t\t<\/section>\n\t\t\t\t<section class=\"elementor-section elementor-top-section elementor-element elementor-element-52460da elementor-section-boxed elementor-section-height-default elementor-section-height-default\" data-id=\"52460da\" data-element_type=\"section\">\n\t\t\t\t\t\t<div class=\"elementor-container elementor-column-gap-default\">\n\t\t\t\t\t\t\t<div class=\"elementor-row\">\n\t\t\t\t\t<div class=\"elementor-column elementor-col-50 elementor-top-column elementor-element elementor-element-209fe20\" data-id=\"209fe20\" data-element_type=\"column\" id=\"blefaroplasia\">\n\t\t\t<div class=\"elementor-column-wrap elementor-element-populated\">\n\t\t\t\t\t\t\t<div class=\"elementor-widget-wrap\">\n\t\t\t\t\t\t<div class=\"elementor-element elementor-element-b262958 elementor-widget elementor-widget-heading\" data-id=\"b262958\" data-element_type=\"widget\" data-widget_type=\"heading.default\">\n\t\t\t\t<div class=\"elementor-widget-container\">\n\t\t\t<h1 class=\"elementor-heading-title elementor-size-default\">P\u00e1rpados \/ Blefaroplas\u00eda<\/h1>\t\t<\/div>\n\t\t\t\t<\/div>\n\t\t\t\t<div class=\"elementor-element elementor-element-839b7a2 elementor-widget elementor-widget-text-editor\" data-id=\"839b7a2\" data-element_type=\"widget\" data-widget_type=\"text-editor.default\">\n\t\t\t\t<div class=\"elementor-widget-container\">\n\t\t\t\t\t\t\t\t<div class=\"elementor-text-editor elementor-clearfix\">\n\t\t\t\t<p>Es un procedimiento que nos ayuda a retirar la piel excedente tanto del p\u00e1rpado superior como del inferior, permite iluminar m\u00e1s la mirada y dar un aspecto de juventud, tambi\u00e9n nos ayuda a eliminar las bolsas grasas de ambos p\u00e1rpados, que nos dan una mirada cansada. El procedimiento se hace con anestesia local y sedaci\u00f3n y es diferente dependiendo si el paciente es joven o maduro, se puede hacer sin heridas visibles en la piel. Tiempo de recuperaci\u00f3n 3 a 4 semanas. Procedimiento ambulatorio.<\/p>\t\t\t\t\t<\/div>\n\t\t\t\t\t\t<\/div>\n\t\t\t\t<\/div>\n\t\t\t\t\t\t<\/div>\n\t\t\t\t\t<\/div>\n\t\t<\/div>\n\t\t\t\t<div class=\"elementor-column elementor-col-50 elementor-top-column elementor-element elementor-element-390ee8a\" data-id=\"390ee8a\" data-element_type=\"column\" id=\"otoplastia\">\n\t\t\t<div class=\"elementor-column-wrap elementor-element-populated\">\n\t\t\t\t\t\t\t<div class=\"elementor-widget-wrap\">\n\t\t\t\t\t\t<div class=\"elementor-element elementor-element-8fbc2f0 elementor-widget elementor-widget-heading\" data-id=\"8fbc2f0\" data-element_type=\"widget\" data-widget_type=\"heading.default\">\n\t\t\t\t<div class=\"elementor-widget-container\">\n\t\t\t<h1 class=\"elementor-heading-title elementor-size-default\">Orejas \/ Otoplast\u00eda<\/h1>\t\t<\/div>\n\t\t\t\t<\/div>\n\t\t\t\t<div class=\"elementor-element elementor-element-8bfe0c7 elementor-widget elementor-widget-text-editor\" data-id=\"8bfe0c7\" data-element_type=\"widget\" data-widget_type=\"text-editor.default\">\n\t\t\t\t<div class=\"elementor-widget-container\">\n\t\t\t\t\t\t\t\t<div class=\"elementor-text-editor elementor-clearfix\">\n\t\t\t\t<p>La otoplast\u00eda se puede realizar desde la edad de 7 a\u00f1os que es tiempo considerado como m\u00e1ximo crecimiento de la oreja, se realiza con anestesia local y sedaci\u00f3n como procedimiento ambulatorio, los puntos se retiran a los 5 d\u00edas, las heridas van ocultas detr\u00e1s de la oreja y el tiempo de recuperaci\u00f3n es de 3 a 4 semanas, tiempo en el que se utiliza una diadema ajustada, los resultados son inmediatos y los moretes tardan 3 a 4 semanas en desaparecer<\/p>\t\t\t\t\t<\/div>\n\t\t\t\t\t\t<\/div>\n\t\t\t\t<\/div>\n\t\t\t\t\t\t<\/div>\n\t\t\t\t\t<\/div>\n\t\t<\/div>\n\t\t\t\t\t\t\t\t<\/div>\n\t\t\t\t\t<\/div>\n\t\t<\/section>\n\t\t\t\t<section class=\"elementor-section elementor-top-section elementor-element elementor-element-6029349 elementor-section-boxed elementor-section-height-default elementor-section-height-default\" data-id=\"6029349\" data-element_type=\"section\">\n\t\t\t\t\t\t<div class=\"elementor-container elementor-column-gap-no\">\n\t\t\t\t\t\t\t<div class=\"elementor-row\">\n\t\t\t\t\t<div class=\"elementor-column elementor-col-50 elementor-top-column elementor-element elementor-element-a1db20f\" data-id=\"a1db20f\" data-element_type=\"column\" id=\"facial\">\n\t\t\t<div class=\"elementor-column-wrap elementor-element-populated\">\n\t\t\t\t\t\t\t<div class=\"elementor-widget-wrap\">\n\t\t\t\t\t\t<div class=\"elementor-element elementor-element-fb93e9f elementor-widget elementor-widget-heading\" data-id=\"fb93e9f\" data-element_type=\"widget\" data-widget_type=\"heading.default\">\n\t\t\t\t<div class=\"elementor-widget-container\">\n\t\t\t<h1 class=\"elementor-heading-title elementor-size-default\">Estiramiento Facial<\/h1>\t\t<\/div>\n\t\t\t\t<\/div>\n\t\t\t\t<div class=\"elementor-element elementor-element-555e301 elementor-widget elementor-widget-text-editor\" data-id=\"555e301\" data-element_type=\"widget\" data-widget_type=\"text-editor.default\">\n\t\t\t\t<div class=\"elementor-widget-container\">\n\t\t\t\t\t\t\t\t<div class=\"elementor-text-editor elementor-clearfix\">\n\t\t\t\t<p>Ofrecemos varios tipos de cirug\u00eda facial, operamos p\u00e1rpado, ojera, nariz, ment\u00f3n, acortamiento de frente, levantamiento de frente, rejuvenecimiento de cara y cuello, lipo de papada, dar volumen a mejillas y labios con grasa propia, oreja en asa, etc. Para consultar cada procedimiento te invitamos a visitar el apartado de cada \u00e1rea. Tambi\u00e9n contamos con procedimientos sin cirug\u00eda.<\/p>\t\t\t\t\t<\/div>\n\t\t\t\t\t\t<\/div>\n\t\t\t\t<\/div>\n\t\t\t\t\t\t<\/div>\n\t\t\t\t\t<\/div>\n\t\t<\/div>\n\t\t\t\t<div class=\"elementor-column elementor-col-50 elementor-top-column elementor-element elementor-element-57d5a28\" data-id=\"57d5a28\" data-element_type=\"column\">\n\t\t\t<div class=\"elementor-column-wrap\">\n\t\t\t\t\t\t\t<div class=\"elementor-widget-wrap\">\n\t\t\t\t\t\t\t\t<\/div>\n\t\t\t\t\t<\/div>\n\t\t<\/div>\n\t\t\t\t\t\t\t\t<\/div>\n\t\t\t\t\t<\/div>\n\t\t<\/section>\n\t\t\t\t\t\t<\/div>\n\t\t\t\t\t\t<\/div>\n\t\t\t\t\t<\/div>\n\t\t","protected":false},"excerpt":{"rendered":"<p>Procedimientos Faciales Quir\u00fagircos http:\/\/sbeltahermosillo.com\/wp-content\/uploads\/2020\/12\/PROCEDIMIENTO-FACIAL-QUIRURGICO.mp4 Rinoplastia La Rinoplast\u00eda puede ser est\u00e9tica o tambi\u00e9n funciona en los casos que exista alg\u00fan problema respiratorio o de desviaci\u00f3n de tabique nasal; se recomienda en pacientes mayores de 17 a\u00f1os o mujeres que ya han presentado su primer periodo menstrual. Se realiza bajo anestesia general y es un procedimiento ambulatorio. &hellip;<\/p>\n<p class=\"read-more\"> <a class=\"\" href=\"https:\/\/sbeltahermosillo.com\/index.php\/cirugia-facial\/\"> <span class=\"screen-reader-text\">Tratamientos est\u00e9ticos con cirug\u00eda<\/span> Leer m\u00e1s &raquo;<\/a><\/p>\n","protected":false},"author":1,"featured_media":0,"parent":0,"menu_order":0,"comment_status":"closed","ping_status":"closed","template":"","meta":{"_monsterinsights_skip_tracking":false,"_monsterinsights_sitenote_active":false,"_monsterinsights_sitenote_note":"","_monsterinsights_sitenote_category":0},"yoast_head":"<!-- This site is optimized with the Yoast SEO plugin v17.8 - https:\/\/yoast.com\/wordpress\/plugins\/seo\/ -->\n<title>Tratamientos est\u00e9ticos con cirug\u00eda - Sbelta Hermosillo<\/title>\n<meta name=\"robots\" content=\"index, follow, max-snippet:-1, max-image-preview:large, max-video-preview:-1\" \/>\n<link rel=\"canonical\" href=\"https:\/\/sbeltahermosillo.com\/index.php\/cirugia-facial\/\" \/>\n<meta property=\"og:locale\" content=\"es_ES\" \/>\n<meta property=\"og:type\" content=\"article\" \/>\n<meta property=\"og:title\" content=\"Tratamientos est\u00e9ticos con cirug\u00eda - Sbelta Hermosillo\" \/>\n<meta property=\"og:description\" content=\"Procedimientos Faciales Quir\u00fagircos http:\/\/sbeltahermosillo.com\/wp-content\/uploads\/2020\/12\/PROCEDIMIENTO-FACIAL-QUIRURGICO.mp4 Rinoplastia La Rinoplast\u00eda puede ser est\u00e9tica o tambi\u00e9n funciona en los casos que exista alg\u00fan problema respiratorio o de desviaci\u00f3n de tabique nasal; se recomienda en pacientes mayores de 17 a\u00f1os o mujeres que ya han presentado su primer periodo menstrual. Se realiza bajo anestesia general y es un procedimiento ambulatorio. &hellip; Tratamientos est\u00e9ticos con cirug\u00eda Leer m\u00e1s &raquo;\" \/>\n<meta property=\"og:url\" content=\"https:\/\/sbeltahermosillo.com\/index.php\/cirugia-facial\/\" \/>\n<meta property=\"og:site_name\" content=\"Sbelta Hermosillo\" \/>\n<meta property=\"article:modified_time\" content=\"2020-12-14T20:46:32+00:00\" \/>\n<meta name=\"twitter:card\" content=\"summary_large_image\" \/>\n<meta name=\"twitter:label1\" content=\"Tiempo de lectura\" \/>\n\t<meta name=\"twitter:data1\" content=\"3 minutos\" \/>\n<script type=\"application\/ld+json\" class=\"yoast-schema-graph\">{\"@context\":\"https:\/\/schema.org\",\"@graph\":[{\"@type\":\"WebSite\",\"@id\":\"https:\/\/sbeltahermosillo.com\/#website\",\"url\":\"https:\/\/sbeltahermosillo.com\/\",\"name\":\"Sbelta Hermosillo\",\"description\":\"Especialistas en cirug\\u00eda pl\\u00e1stica y procedimientos est\\u00e9ticos. Somos profesionales encargados de brindarte la informaci\\u00f3n y el tratamiento adecuado respecto a tu armon\\u00eda corporal y facial. Es por ello que usted no tendr\\u00e1 dudas en recibir el mejor procedimiento que m\\u00e1s se adapte a sus necesidades.\",\"potentialAction\":[{\"@type\":\"SearchAction\",\"target\":{\"@type\":\"EntryPoint\",\"urlTemplate\":\"https:\/\/sbeltahermosillo.com\/?s={search_term_string}\"},\"query-input\":\"required name=search_term_string\"}],\"inLanguage\":\"es\"},{\"@type\":\"WebPage\",\"@id\":\"https:\/\/sbeltahermosillo.com\/index.php\/cirugia-facial\/#webpage\",\"url\":\"https:\/\/sbeltahermosillo.com\/index.php\/cirugia-facial\/\",\"name\":\"Tratamientos est\\u00e9ticos con cirug\\u00eda - Sbelta Hermosillo\",\"isPartOf\":{\"@id\":\"https:\/\/sbeltahermosillo.com\/#website\"},\"datePublished\":\"2020-11-29T19:23:32+00:00\",\"dateModified\":\"2020-12-14T20:46:32+00:00\",\"breadcrumb\":{\"@id\":\"https:\/\/sbeltahermosillo.com\/index.php\/cirugia-facial\/#breadcrumb\"},\"inLanguage\":\"es\",\"potentialAction\":[{\"@type\":\"ReadAction\",\"target\":[\"https:\/\/sbeltahermosillo.com\/index.php\/cirugia-facial\/\"]}]},{\"@type\":\"BreadcrumbList\",\"@id\":\"https:\/\/sbeltahermosillo.com\/index.php\/cirugia-facial\/#breadcrumb\",\"itemListElement\":[{\"@type\":\"ListItem\",\"position\":1,\"name\":\"Portada\",\"item\":\"https:\/\/sbeltahermosillo.com\/\"},{\"@type\":\"ListItem\",\"position\":2,\"name\":\"Tratamientos est\\u00e9ticos con cirug\\u00eda\"}]}]}<\/script>\n<!-- \/ Yoast SEO plugin. -->","yoast_head_json":{"title":"Tratamientos est\u00e9ticos con cirug\u00eda - Sbelta Hermosillo","robots":{"index":"index","follow":"follow","max-snippet":"max-snippet:-1","max-image-preview":"max-image-preview:large","max-video-preview":"max-video-preview:-1"},"canonical":"https:\/\/sbeltahermosillo.com\/index.php\/cirugia-facial\/","og_locale":"es_ES","og_type":"article","og_title":"Tratamientos est\u00e9ticos con cirug\u00eda - Sbelta Hermosillo","og_description":"Procedimientos Faciales Quir\u00fagircos http:\/\/sbeltahermosillo.com\/wp-content\/uploads\/2020\/12\/PROCEDIMIENTO-FACIAL-QUIRURGICO.mp4 Rinoplastia La Rinoplast\u00eda puede ser est\u00e9tica o tambi\u00e9n funciona en los casos que exista alg\u00fan problema respiratorio o de desviaci\u00f3n de tabique nasal; se recomienda en pacientes mayores de 17 a\u00f1os o mujeres que ya han presentado su primer periodo menstrual. Se realiza bajo anestesia general y es un procedimiento ambulatorio. &hellip; Tratamientos est\u00e9ticos con cirug\u00eda Leer m\u00e1s &raquo;","og_url":"https:\/\/sbeltahermosillo.com\/index.php\/cirugia-facial\/","og_site_name":"Sbelta Hermosillo","article_modified_time":"2020-12-14T20:46:32+00:00","twitter_card":"summary_large_image","twitter_misc":{"Tiempo de lectura":"3 minutos"},"schema":{"@context":"https:\/\/schema.org","@graph":[{"@type":"WebSite","@id":"https:\/\/sbeltahermosillo.com\/#website","url":"https:\/\/sbeltahermosillo.com\/","name":"Sbelta Hermosillo","description":"Especialistas en cirug\u00eda pl\u00e1stica y procedimientos est\u00e9ticos. Somos profesionales encargados de brindarte la informaci\u00f3n y el tratamiento adecuado respecto a tu armon\u00eda corporal y facial. Es por ello que usted no tendr\u00e1 dudas en recibir el mejor procedimiento que m\u00e1s se adapte a sus necesidades.","potentialAction":[{"@type":"SearchAction","target":{"@type":"EntryPoint","urlTemplate":"https:\/\/sbeltahermosillo.com\/?s={search_term_string}"},"query-input":"required name=search_term_string"}],"inLanguage":"es"},{"@type":"WebPage","@id":"https:\/\/sbeltahermosillo.com\/index.php\/cirugia-facial\/#webpage","url":"https:\/\/sbeltahermosillo.com\/index.php\/cirugia-facial\/","name":"Tratamientos est\u00e9ticos con cirug\u00eda - Sbelta Hermosillo","isPartOf":{"@id":"https:\/\/sbeltahermosillo.com\/#website"},"datePublished":"2020-11-29T19:23:32+00:00","dateModified":"2020-12-14T20:46:32+00:00","breadcrumb":{"@id":"https:\/\/sbeltahermosillo.com\/index.php\/cirugia-facial\/#breadcrumb"},"inLanguage":"es","potentialAction":[{"@type":"ReadAction","target":["https:\/\/sbeltahermosillo.com\/index.php\/cirugia-facial\/"]}]},{"@type":"BreadcrumbList","@id":"https:\/\/sbeltahermosillo.com\/index.php\/cirugia-facial\/#breadcrumb","itemListElement":[{"@type":"ListItem","position":1,"name":"Portada","item":"https:\/\/sbeltahermosillo.com\/"},{"@type":"ListItem","position":2,"name":"Tratamientos est\u00e9ticos con cirug\u00eda"}]}]}},"_links":{"self":[{"href":"https:\/\/sbeltahermosillo.com\/index.php\/wp-json\/wp\/v2\/pages\/24662"}],"collection":[{"href":"https:\/\/sbeltahermosillo.com\/index.php\/wp-json\/wp\/v2\/pages"}],"about":[{"href":"https:\/\/sbeltahermosillo.com\/index.php\/wp-json\/wp\/v2\/types\/page"}],"author":[{"embeddable":true,"href":"https:\/\/sbeltahermosillo.com\/index.php\/wp-json\/wp\/v2\/users\/1"}],"replies":[{"embeddable":true,"href":"https:\/\/sbeltahermosillo.com\/index.php\/wp-json\/wp\/v2\/comments?post=24662"}],"version-history":[{"count":29,"href":"https:\/\/sbeltahermosillo.com\/index.php\/wp-json\/wp\/v2\/pages\/24662\/revisions"}],"predecessor-version":[{"id":25147,"href":"https:\/\/sbeltahermosillo.com\/index.php\/wp-json\/wp\/v2\/pages\/24662\/revisions\/25147"}],"wp:attachment":[{"href":"https:\/\/sbeltahermosillo.com\/index.php\/wp-json\/wp\/v2\/media?parent=24662"}],"curies":[{"name":"wp","href":"https:\/\/api.w.org\/{rel}","templated":true}]}}