{"id":105,"date":"2020-10-07T07:59:03","date_gmt":"2020-10-07T07:59:03","guid":{"rendered":"https:\/\/sbeltahermosillo.com\/index.php\/contact\/"},"modified":"2024-04-09T00:04:20","modified_gmt":"2024-04-09T00:04:20","slug":"contacto","status":"publish","type":"page","link":"https:\/\/sbeltahermosillo.com\/index.php\/contacto\/","title":{"rendered":"Contacto"},"content":{"rendered":"\t\t<div data-elementor-type=\"wp-page\" data-elementor-id=\"105\" class=\"elementor elementor-105\" data-elementor-settings=\"[]\">\n\t\t\t\t\t\t<div class=\"elementor-inner\">\n\t\t\t\t\t\t\t<div class=\"elementor-section-wrap\">\n\t\t\t\t\t\t\t<section class=\"elementor-section elementor-top-section elementor-element elementor-element-ce1d843 elementor-section-boxed elementor-section-height-default elementor-section-height-default\" data-id=\"ce1d843\" data-element_type=\"section\" data-settings=\"{&quot;background_background&quot;:&quot;classic&quot;}\">\n\t\t\t\t\t\t\t<div class=\"elementor-background-overlay\"><\/div>\n\t\t\t\t\t\t\t<div class=\"elementor-container elementor-column-gap-default\">\n\t\t\t\t\t\t\t<div class=\"elementor-row\">\n\t\t\t\t\t<div class=\"elementor-column elementor-col-100 elementor-top-column elementor-element elementor-element-fecb560\" data-id=\"fecb560\" data-element_type=\"column\">\n\t\t\t<div class=\"elementor-column-wrap elementor-element-populated\">\n\t\t\t\t\t\t\t<div class=\"elementor-widget-wrap\">\n\t\t\t\t\t\t<div class=\"elementor-element elementor-element-e29f30a elementor-widget elementor-widget-heading\" data-id=\"e29f30a\" data-element_type=\"widget\" data-widget_type=\"heading.default\">\n\t\t\t\t<div class=\"elementor-widget-container\">\n\t\t\t<h1 class=\"elementor-heading-title elementor-size-default\">Ponte en contacto con nosotros<\/h1>\t\t<\/div>\n\t\t\t\t<\/div>\n\t\t\t\t<div class=\"elementor-element elementor-element-e0de0b3 elementor-widget elementor-widget-text-editor\" data-id=\"e0de0b3\" data-element_type=\"widget\" data-widget_type=\"text-editor.default\">\n\t\t\t\t<div class=\"elementor-widget-container\">\n\t\t\t\t\t\t\t\t<div class=\"elementor-text-editor elementor-clearfix\">\n\t\t\t\t<p>Env\u00edanos un email, nos pondremos en contacto contigo a la brevedad.<\/p>\t\t\t\t\t<\/div>\n\t\t\t\t\t\t<\/div>\n\t\t\t\t<\/div>\n\t\t\t\t\t\t<\/div>\n\t\t\t\t\t<\/div>\n\t\t<\/div>\n\t\t\t\t\t\t\t\t<\/div>\n\t\t\t\t\t<\/div>\n\t\t<\/section>\n\t\t\t\t<section class=\"elementor-section elementor-top-section elementor-element elementor-element-228cc10 elementor-section-content-middle elementor-section-boxed elementor-section-height-default elementor-section-height-default elementor-invisible\" data-id=\"228cc10\" data-element_type=\"section\" data-settings=\"{&quot;animation&quot;:&quot;fadeIn&quot;}\">\n\t\t\t\t\t\t<div class=\"elementor-container elementor-column-gap-no\">\n\t\t\t\t\t\t\t<div class=\"elementor-row\">\n\t\t\t\t\t<div class=\"elementor-column elementor-col-50 elementor-top-column elementor-element elementor-element-b9bcdfd\" data-id=\"b9bcdfd\" data-element_type=\"column\">\n\t\t\t<div class=\"elementor-column-wrap elementor-element-populated\">\n\t\t\t\t\t\t\t<div class=\"elementor-widget-wrap\">\n\t\t\t\t\t\t<div class=\"elementor-element elementor-element-d5a2819 elementor-widget elementor-widget-heading\" data-id=\"d5a2819\" data-element_type=\"widget\" data-widget_type=\"heading.default\">\n\t\t\t\t<div class=\"elementor-widget-container\">\n\t\t\t<h4 class=\"elementor-heading-title elementor-size-default\">Comun\u00edcate con nosotros<\/h4>\t\t<\/div>\n\t\t\t\t<\/div>\n\t\t\t\t<div class=\"elementor-element elementor-element-0b8f678 elementor-widget elementor-widget-heading\" data-id=\"0b8f678\" data-element_type=\"widget\" data-widget_type=\"heading.default\">\n\t\t\t\t<div class=\"elementor-widget-container\">\n\t\t\t<div class=\"elementor-heading-title elementor-size-default\"><a href=\"#\">Celular y Whatsapp: 6622026128, 6621067660<\/a><\/div>\t\t<\/div>\n\t\t\t\t<\/div>\n\t\t\t\t<div class=\"elementor-element elementor-element-901c8e8 elementor-widget elementor-widget-heading\" data-id=\"901c8e8\" data-element_type=\"widget\" data-widget_type=\"heading.default\">\n\t\t\t\t<div class=\"elementor-widget-container\">\n\t\t\t<div class=\"elementor-heading-title elementor-size-default\"><a href=\"#\">Correo: contacto@sbeltahermosillo.com<\/a><\/div>\t\t<\/div>\n\t\t\t\t<\/div>\n\t\t\t\t<div class=\"elementor-element elementor-element-8002667 elementor-shape-circle e-grid-align-left elementor-grid-0 elementor-widget elementor-widget-social-icons\" data-id=\"8002667\" data-element_type=\"widget\" data-widget_type=\"social-icons.default\">\n\t\t\t\t<div class=\"elementor-widget-container\">\n\t\t\t\t\t<div class=\"elementor-social-icons-wrapper elementor-grid\">\n\t\t\t\t\t\t\t<span class=\"elementor-grid-item\">\n\t\t\t\t\t<a class=\"elementor-icon elementor-social-icon elementor-social-icon-facebook elementor-repeater-item-6c4db62\" href=\"https:\/\/www.facebook.com\/Jessramirezcadena.com.mx\/\" target=\"_blank\">\n\t\t\t\t\t\t<span class=\"elementor-screen-only\">Facebook<\/span>\n\t\t\t\t\t\t<i class=\"fab fa-facebook\"><\/i>\t\t\t\t\t<\/a>\n\t\t\t\t<\/span>\n\t\t\t\t\t\t\t<span class=\"elementor-grid-item\">\n\t\t\t\t\t<a class=\"elementor-icon elementor-social-icon elementor-social-icon-instagram elementor-repeater-item-63aaa51\" href=\"https:\/\/www.instagram.com\/jess_cir_plast\/?fbclid=IwAR1L6obYsol5QYZZPEDpbz-u_K6yslO6704WLF6qnJ9OIEvNxl01CsJ8fto\" target=\"_blank\">\n\t\t\t\t\t\t<span class=\"elementor-screen-only\">Instagram<\/span>\n\t\t\t\t\t\t<i class=\"fab fa-instagram\"><\/i>\t\t\t\t\t<\/a>\n\t\t\t\t<\/span>\n\t\t\t\t\t<\/div>\n\t\t\t\t<\/div>\n\t\t\t\t<\/div>\n\t\t\t\t<div class=\"elementor-element elementor-element-50ae007 elementor-widget elementor-widget-heading\" data-id=\"50ae007\" data-element_type=\"widget\" data-widget_type=\"heading.default\">\n\t\t\t\t<div class=\"elementor-widget-container\">\n\t\t\t<h4 class=\"elementor-heading-title elementor-size-default\">O env\u00edanos un email, en breve nos pondremos en contacto contigo.<\/h4>\t\t<\/div>\n\t\t\t\t<\/div>\n\t\t\t\t<div class=\"elementor-element elementor-element-30febe2 elementor-widget elementor-widget-wpforms\" data-id=\"30febe2\" data-element_type=\"widget\" data-widget_type=\"wpforms.default\">\n\t\t\t\t<div class=\"elementor-widget-container\">\n\t\t\t<div class=\"wpforms-container \" id=\"wpforms-24467\"><form id=\"wpforms-form-24467\" class=\"wpforms-validate wpforms-form\" data-formid=\"24467\" method=\"post\" enctype=\"multipart\/form-data\" action=\"\/index.php\/wp-json\/wp\/v2\/pages\/105\" data-token=\"ea8637e443cee6315ce24f9a1bc74c2a\"><noscript class=\"wpforms-error-noscript\">Por favor, activa JavaScript en tu navegador para completar este formulario.<\/noscript><div class=\"wpforms-field-container\"><div id=\"wpforms-24467-field_0-container\" class=\"wpforms-field wpforms-field-name\" data-field-id=\"0\"><label class=\"wpforms-field-label\" for=\"wpforms-24467-field_0\">Nombre <span class=\"wpforms-required-label\">*<\/span><\/label><input type=\"text\" id=\"wpforms-24467-field_0\" class=\"wpforms-field-large wpforms-field-required\" name=\"wpforms[fields][0]\" required><\/div><div id=\"wpforms-24467-field_1-container\" class=\"wpforms-field wpforms-field-email\" data-field-id=\"1\"><label class=\"wpforms-field-label\" for=\"wpforms-24467-field_1\">Correo electr\u00f3nico <span class=\"wpforms-required-label\">*<\/span><\/label><input type=\"email\" id=\"wpforms-24467-field_1\" class=\"wpforms-field-large wpforms-field-required\" name=\"wpforms[fields][1]\" required><\/div><div id=\"wpforms-24467-field_3-container\" class=\"wpforms-field wpforms-field-number\" data-field-id=\"3\"><label class=\"wpforms-field-label\" for=\"wpforms-24467-field_3\">WhatsApp \/ Tel\u00e9fono<\/label><input type=\"number\" pattern=\"\\d*\" id=\"wpforms-24467-field_3\" class=\"wpforms-field-medium\" name=\"wpforms[fields][3]\" ><\/div><div id=\"wpforms-24467-field_2-container\" class=\"wpforms-field wpforms-field-textarea\" data-field-id=\"2\"><label class=\"wpforms-field-label\" for=\"wpforms-24467-field_2\">Comentario o mensaje <span class=\"wpforms-required-label\">*<\/span><\/label><textarea id=\"wpforms-24467-field_2\" class=\"wpforms-field-large wpforms-field-required\" name=\"wpforms[fields][2]\" required>Me gustar\u00eda agendar una cita ...<\/textarea><\/div><\/div><div class=\"wpforms-submit-container\"><input type=\"hidden\" name=\"wpforms[id]\" value=\"24467\"><input type=\"hidden\" name=\"wpforms[author]\" value=\"1\"><button type=\"submit\" name=\"wpforms[submit]\" id=\"wpforms-submit-24467\" class=\"wpforms-submit\" data-alt-text=\"Enviando...\" data-submit-text=\"Enviar\" aria-live=\"assertive\" value=\"wpforms-submit\">Enviar<\/button><\/div><\/form><\/div>  <!-- .wpforms-container -->\t\t<\/div>\n\t\t\t\t<\/div>\n\t\t\t\t\t\t<\/div>\n\t\t\t\t\t<\/div>\n\t\t<\/div>\n\t\t\t\t<div class=\"elementor-column elementor-col-50 elementor-top-column elementor-element elementor-element-42e9005\" data-id=\"42e9005\" data-element_type=\"column\">\n\t\t\t<div class=\"elementor-column-wrap elementor-element-populated\">\n\t\t\t\t\t\t\t<div class=\"elementor-widget-wrap\">\n\t\t\t\t\t\t<div class=\"elementor-element elementor-element-791475b elementor-widget elementor-widget-heading\" data-id=\"791475b\" data-element_type=\"widget\" data-widget_type=\"heading.default\">\n\t\t\t\t<div class=\"elementor-widget-container\">\n\t\t\t<h4 class=\"elementor-heading-title elementor-size-default\">Encuentra nuestra cl\u00ednica<\/h4>\t\t<\/div>\n\t\t\t\t<\/div>\n\t\t\t\t<div class=\"elementor-element elementor-element-fb27852 elementor-widget elementor-widget-heading\" data-id=\"fb27852\" data-element_type=\"widget\" data-widget_type=\"heading.default\">\n\t\t\t\t<div class=\"elementor-widget-container\">\n\t\t\t<div class=\"elementor-heading-title elementor-size-default\"><a href=\"#\">Direcci\u00f3n: C. Olivares #45, Col. Villa Sat\u00e9lite, 83200, Hermosillo, Sonora.<\/a><\/div>\t\t<\/div>\n\t\t\t\t<\/div>\n\t\t\t\t<div class=\"elementor-element elementor-element-c452413 elementor-widget elementor-widget-google_maps\" data-id=\"c452413\" data-element_type=\"widget\" data-widget_type=\"google_maps.default\">\n\t\t\t\t<div class=\"elementor-widget-container\">\n\t\t\t\t\t<div class=\"elementor-custom-embed\">\n\t\t\t<iframe frameborder=\"0\" scrolling=\"no\" marginheight=\"0\" marginwidth=\"0\"\n\t\t\t\t\tsrc=\"https:\/\/maps.google.com\/maps?q=sbelta%20hermosillo&#038;t=m&#038;z=14&#038;output=embed&#038;iwloc=near\"\n\t\t\t\t\ttitle=\"sbelta hermosillo\"\n\t\t\t\t\taria-label=\"sbelta hermosillo\"\n\t\t\t><\/iframe>\n\t\t<\/div>\n\t\t\t\t<\/div>\n\t\t\t\t<\/div>\n\t\t\t\t\t\t<\/div>\n\t\t\t\t\t<\/div>\n\t\t<\/div>\n\t\t\t\t\t\t\t\t<\/div>\n\t\t\t\t\t<\/div>\n\t\t<\/section>\n\t\t\t\t\t\t<\/div>\n\t\t\t\t\t\t<\/div>\n\t\t\t\t\t<\/div>\n\t\t","protected":false},"excerpt":{"rendered":"<p>Ponte en contacto con nosotros Env\u00edanos un email, nos pondremos en contacto contigo a la brevedad. Comun\u00edcate con nosotros Celular y Whatsapp: 6622026128, 6621067660 Correo: contacto@sbeltahermosillo.com Facebook Instagram O env\u00edanos un email, en breve nos pondremos en contacto contigo. Encuentra nuestra cl\u00ednica Direcci\u00f3n: C. Olivares #45, Col. Villa Sat\u00e9lite, 83200, Hermosillo, Sonora.<\/p>\n","protected":false},"author":1,"featured_media":0,"parent":0,"menu_order":0,"comment_status":"closed","ping_status":"closed","template":"","meta":{"_monsterinsights_skip_tracking":false,"_monsterinsights_sitenote_active":false,"_monsterinsights_sitenote_note":"","_monsterinsights_sitenote_category":0},"yoast_head":"<!-- This site is optimized with the Yoast SEO plugin v17.8 - https:\/\/yoast.com\/wordpress\/plugins\/seo\/ -->\n<title>Contacto - Sbelta Hermosillo<\/title>\n<meta name=\"robots\" content=\"index, follow, max-snippet:-1, max-image-preview:large, max-video-preview:-1\" \/>\n<link rel=\"canonical\" href=\"https:\/\/sbeltahermosillo.com\/index.php\/contacto\/\" \/>\n<meta property=\"og:locale\" content=\"es_ES\" \/>\n<meta property=\"og:type\" content=\"article\" \/>\n<meta property=\"og:title\" content=\"Contacto - Sbelta Hermosillo\" \/>\n<meta property=\"og:description\" content=\"Ponte en contacto con nosotros Env\u00edanos un email, nos pondremos en contacto contigo a la brevedad. Comun\u00edcate con nosotros Celular y Whatsapp: 6622026128, 6621067660 Correo: contacto@sbeltahermosillo.com Facebook Instagram O env\u00edanos un email, en breve nos pondremos en contacto contigo. Encuentra nuestra cl\u00ednica Direcci\u00f3n: C. Olivares #45, Col. Villa Sat\u00e9lite, 83200, Hermosillo, Sonora.\" \/>\n<meta property=\"og:url\" content=\"https:\/\/sbeltahermosillo.com\/index.php\/contacto\/\" \/>\n<meta property=\"og:site_name\" content=\"Sbelta Hermosillo\" \/>\n<meta property=\"article:modified_time\" content=\"2024-04-09T00:04:20+00:00\" \/>\n<meta name=\"twitter:card\" content=\"summary_large_image\" \/>\n<meta name=\"twitter:label1\" content=\"Tiempo de lectura\" \/>\n\t<meta name=\"twitter:data1\" content=\"1 minuto\" \/>\n<script type=\"application\/ld+json\" class=\"yoast-schema-graph\">{\"@context\":\"https:\/\/schema.org\",\"@graph\":[{\"@type\":\"WebSite\",\"@id\":\"https:\/\/sbeltahermosillo.com\/#website\",\"url\":\"https:\/\/sbeltahermosillo.com\/\",\"name\":\"Sbelta Hermosillo\",\"description\":\"Especialistas en cirug\\u00eda pl\\u00e1stica y procedimientos est\\u00e9ticos. Somos profesionales encargados de brindarte la informaci\\u00f3n y el tratamiento adecuado respecto a tu armon\\u00eda corporal y facial. Es por ello que usted no tendr\\u00e1 dudas en recibir el mejor procedimiento que m\\u00e1s se adapte a sus necesidades.\",\"potentialAction\":[{\"@type\":\"SearchAction\",\"target\":{\"@type\":\"EntryPoint\",\"urlTemplate\":\"https:\/\/sbeltahermosillo.com\/?s={search_term_string}\"},\"query-input\":\"required name=search_term_string\"}],\"inLanguage\":\"es\"},{\"@type\":\"WebPage\",\"@id\":\"https:\/\/sbeltahermosillo.com\/index.php\/contacto\/#webpage\",\"url\":\"https:\/\/sbeltahermosillo.com\/index.php\/contacto\/\",\"name\":\"Contacto - Sbelta Hermosillo\",\"isPartOf\":{\"@id\":\"https:\/\/sbeltahermosillo.com\/#website\"},\"datePublished\":\"2020-10-07T07:59:03+00:00\",\"dateModified\":\"2024-04-09T00:04:20+00:00\",\"breadcrumb\":{\"@id\":\"https:\/\/sbeltahermosillo.com\/index.php\/contacto\/#breadcrumb\"},\"inLanguage\":\"es\",\"potentialAction\":[{\"@type\":\"ReadAction\",\"target\":[\"https:\/\/sbeltahermosillo.com\/index.php\/contacto\/\"]}]},{\"@type\":\"BreadcrumbList\",\"@id\":\"https:\/\/sbeltahermosillo.com\/index.php\/contacto\/#breadcrumb\",\"itemListElement\":[{\"@type\":\"ListItem\",\"position\":1,\"name\":\"Portada\",\"item\":\"https:\/\/sbeltahermosillo.com\/\"},{\"@type\":\"ListItem\",\"position\":2,\"name\":\"Contacto\"}]}]}<\/script>\n<!-- \/ Yoast SEO plugin. -->","yoast_head_json":{"title":"Contacto - Sbelta Hermosillo","robots":{"index":"index","follow":"follow","max-snippet":"max-snippet:-1","max-image-preview":"max-image-preview:large","max-video-preview":"max-video-preview:-1"},"canonical":"https:\/\/sbeltahermosillo.com\/index.php\/contacto\/","og_locale":"es_ES","og_type":"article","og_title":"Contacto - Sbelta Hermosillo","og_description":"Ponte en contacto con nosotros Env\u00edanos un email, nos pondremos en contacto contigo a la brevedad. Comun\u00edcate con nosotros Celular y Whatsapp: 6622026128, 6621067660 Correo: contacto@sbeltahermosillo.com Facebook Instagram O env\u00edanos un email, en breve nos pondremos en contacto contigo. Encuentra nuestra cl\u00ednica Direcci\u00f3n: C. Olivares #45, Col. Villa Sat\u00e9lite, 83200, Hermosillo, Sonora.","og_url":"https:\/\/sbeltahermosillo.com\/index.php\/contacto\/","og_site_name":"Sbelta Hermosillo","article_modified_time":"2024-04-09T00:04:20+00:00","twitter_card":"summary_large_image","twitter_misc":{"Tiempo de lectura":"1 minuto"},"schema":{"@context":"https:\/\/schema.org","@graph":[{"@type":"WebSite","@id":"https:\/\/sbeltahermosillo.com\/#website","url":"https:\/\/sbeltahermosillo.com\/","name":"Sbelta Hermosillo","description":"Especialistas en cirug\u00eda pl\u00e1stica y procedimientos est\u00e9ticos. Somos profesionales encargados de brindarte la informaci\u00f3n y el tratamiento adecuado respecto a tu armon\u00eda corporal y facial. Es por ello que usted no tendr\u00e1 dudas en recibir el mejor procedimiento que m\u00e1s se adapte a sus necesidades.","potentialAction":[{"@type":"SearchAction","target":{"@type":"EntryPoint","urlTemplate":"https:\/\/sbeltahermosillo.com\/?s={search_term_string}"},"query-input":"required name=search_term_string"}],"inLanguage":"es"},{"@type":"WebPage","@id":"https:\/\/sbeltahermosillo.com\/index.php\/contacto\/#webpage","url":"https:\/\/sbeltahermosillo.com\/index.php\/contacto\/","name":"Contacto - Sbelta Hermosillo","isPartOf":{"@id":"https:\/\/sbeltahermosillo.com\/#website"},"datePublished":"2020-10-07T07:59:03+00:00","dateModified":"2024-04-09T00:04:20+00:00","breadcrumb":{"@id":"https:\/\/sbeltahermosillo.com\/index.php\/contacto\/#breadcrumb"},"inLanguage":"es","potentialAction":[{"@type":"ReadAction","target":["https:\/\/sbeltahermosillo.com\/index.php\/contacto\/"]}]},{"@type":"BreadcrumbList","@id":"https:\/\/sbeltahermosillo.com\/index.php\/contacto\/#breadcrumb","itemListElement":[{"@type":"ListItem","position":1,"name":"Portada","item":"https:\/\/sbeltahermosillo.com\/"},{"@type":"ListItem","position":2,"name":"Contacto"}]}]}},"_links":{"self":[{"href":"https:\/\/sbeltahermosillo.com\/index.php\/wp-json\/wp\/v2\/pages\/105"}],"collection":[{"href":"https:\/\/sbeltahermosillo.com\/index.php\/wp-json\/wp\/v2\/pages"}],"about":[{"href":"https:\/\/sbeltahermosillo.com\/index.php\/wp-json\/wp\/v2\/types\/page"}],"author":[{"embeddable":true,"href":"https:\/\/sbeltahermosillo.com\/index.php\/wp-json\/wp\/v2\/users\/1"}],"replies":[{"embeddable":true,"href":"https:\/\/sbeltahermosillo.com\/index.php\/wp-json\/wp\/v2\/comments?post=105"}],"version-history":[{"count":40,"href":"https:\/\/sbeltahermosillo.com\/index.php\/wp-json\/wp\/v2\/pages\/105\/revisions"}],"predecessor-version":[{"id":25525,"href":"https:\/\/sbeltahermosillo.com\/index.php\/wp-json\/wp\/v2\/pages\/105\/revisions\/25525"}],"wp:attachment":[{"href":"https:\/\/sbeltahermosillo.com\/index.php\/wp-json\/wp\/v2\/media?parent=105"}],"curies":[{"name":"wp","href":"https:\/\/api.w.org\/{rel}","templated":true}]}}